{"id":63,"date":"2021-11-08T08:16:14","date_gmt":"2021-11-08T11:16:14","guid":{"rendered":"https:\/\/sistemafamato.org.br\/sindicatos-rurais\/?page_id=63"},"modified":"2021-11-13T14:00:23","modified_gmt":"2021-11-13T17:00:23","slug":"encontre-seu-sindicato-rural","status":"publish","type":"page","link":"https:\/\/sistemafamato.org.br\/sindicatos-rurais\/encontre-seu-sindicato-rural\/","title":{"rendered":"Encontre Seu Sindicato Rural"},"content":{"rendered":"\n<h1 class=\"wp-block-heading\"><br><strong>ENCONTRE SEU SINDICATO RURAL<\/strong><\/h1>\n\n\n\n<div style=\"height:20px\" aria-hidden=\"true\" class=\"wp-block-spacer\"><\/div>\n\n\n\n<p>O sistema sindical rural trabalha e fala em seu nome e de todos os produtores rurais, dando for\u00e7a e voz as suas demandas e na defesa dos seus direitos, independente do tamanho da sua propriedade ou ramo de atividade.<\/p>\n\n\n\n<p>O Sindicato sempre vai promover a presta\u00e7\u00e3o de servi\u00e7os voltados para os produtores rurais, conte com a gente.<\/p>\n\n\n\n<p>Encontre o Sindicato Rural mais pr\u00f3ximo de voc\u00ea!<\/p>\n","protected":false},"excerpt":{"rendered":"<p>ENCONTRE SEU SINDICATO RURAL O sistema sindical rural trabalha e fala em seu nome e de todos os produtores rurais, dando for\u00e7a e voz as suas demandas e na defesa dos seus direitos, independente do tamanho da sua propriedade ou ramo de atividade. O Sindicato sempre vai promover a presta\u00e7\u00e3o de servi\u00e7os voltados para os [&hellip;]<\/p>\n","protected":false},"author":1,"featured_media":62,"parent":0,"menu_order":0,"comment_status":"closed","ping_status":"closed","template":"","meta":{"footnotes":""},"class_list":["post-63","page","type-page","status-publish","has-post-thumbnail","hentry"],"acf":[],"_links":{"self":[{"href":"https:\/\/sistemafamato.org.br\/sindicatos-rurais\/wp-json\/wp\/v2\/pages\/63","targetHints":{"allow":["GET"]}}],"collection":[{"href":"https:\/\/sistemafamato.org.br\/sindicatos-rurais\/wp-json\/wp\/v2\/pages"}],"about":[{"href":"https:\/\/sistemafamato.org.br\/sindicatos-rurais\/wp-json\/wp\/v2\/types\/page"}],"author":[{"embeddable":true,"href":"https:\/\/sistemafamato.org.br\/sindicatos-rurais\/wp-json\/wp\/v2\/users\/1"}],"replies":[{"embeddable":true,"href":"https:\/\/sistemafamato.org.br\/sindicatos-rurais\/wp-json\/wp\/v2\/comments?post=63"}],"version-history":[{"count":3,"href":"https:\/\/sistemafamato.org.br\/sindicatos-rurais\/wp-json\/wp\/v2\/pages\/63\/revisions"}],"predecessor-version":[{"id":1437,"href":"https:\/\/sistemafamato.org.br\/sindicatos-rurais\/wp-json\/wp\/v2\/pages\/63\/revisions\/1437"}],"wp:featuredmedia":[{"embeddable":true,"href":"https:\/\/sistemafamato.org.br\/sindicatos-rurais\/wp-json\/wp\/v2\/media\/62"}],"wp:attachment":[{"href":"https:\/\/sistemafamato.org.br\/sindicatos-rurais\/wp-json\/wp\/v2\/media?parent=63"}],"curies":[{"name":"wp","href":"https:\/\/api.w.org\/{rel}","templated":true}]}}