{"id":41,"date":"2021-11-07T18:18:15","date_gmt":"2021-11-07T21:18:15","guid":{"rendered":"https:\/\/sistemafamato.org.br\/sindicatos-rurais\/?page_id=41"},"modified":"2021-11-26T22:59:06","modified_gmt":"2021-11-27T01:59:06","slug":"como-se-filiar","status":"publish","type":"page","link":"https:\/\/sistemafamato.org.br\/sindicatos-rurais\/como-se-filiar\/","title":{"rendered":"Como se Filiar"},"content":{"rendered":"\n<h1 class=\"sf-titulo wp-block-heading\"><br><strong>SAIBA COMO SE FILIAR<\/strong><\/h1>\n\n\n\n<div style=\"height:20px\" aria-hidden=\"true\" class=\"wp-block-spacer\"><\/div>\n\n\n\n<h2 class=\"wp-block-heading\">Quem pode filiar ao Sindicato Patronal<\/h2>\n\n\n\n<div style=\"height:20px\" aria-hidden=\"true\" class=\"wp-block-spacer\"><\/div>\n\n\n\n<p>\u00c9 determinado pelo Decreto Lei n\u00ba 1.166 de 15\/04\/1971.<\/p>\n\n\n\n<p>Considera-se EMPREGADOR ou EMPRES\u00c1RIO RURAL:&nbsp;<\/p>\n\n\n\n<ol class=\"wp-block-list\"><li>a) a pessoa f\u00edsica ou jur\u00eddica que tendo empregado empreenda a qualquer t\u00edtulo atividade econ\u00f4mica rural;<\/li><li>b) quem propriet\u00e1rio ou n\u00e3o, e mesmo sem empregado, em regime de economia familiar, explore im\u00f3vel rural que absorva toda for\u00e7a de trabalho e lhe garanta subsist\u00eancia, progresso social e econ\u00f4mico em \u00e1rea superior a dois m\u00f3dulos rurais da respectiva regi\u00e3o;<\/li><li>c) os propriet\u00e1rios de mais de um im\u00f3vel rural, desde que a soma de suas \u00e1reas seja superior a dois m\u00f3dulos rurais da respectiva regi\u00e3o.<\/li><li>&nbsp;<\/li><\/ol>\n\n\n\n<p>Entre em contato com o Sindicato Rural do seu munic\u00edpio e tenha mais informa\u00e7\u00f5es em como ser um filiado.<\/p>\n","protected":false},"excerpt":{"rendered":"<p>SAIBA COMO SE FILIAR Quem pode filiar ao Sindicato Patronal \u00c9 determinado pelo Decreto Lei n\u00ba 1.166 de 15\/04\/1971. Considera-se EMPREGADOR ou EMPRES\u00c1RIO RURAL:&nbsp; a) a pessoa f\u00edsica ou jur\u00eddica que tendo empregado empreenda a qualquer t\u00edtulo atividade econ\u00f4mica rural; b) quem propriet\u00e1rio ou n\u00e3o, e mesmo sem empregado, em regime de economia familiar, explore [&hellip;]<\/p>\n","protected":false},"author":1,"featured_media":40,"parent":0,"menu_order":0,"comment_status":"closed","ping_status":"closed","template":"","meta":{"footnotes":""},"class_list":["post-41","page","type-page","status-publish","has-post-thumbnail","hentry"],"acf":[],"_links":{"self":[{"href":"https:\/\/sistemafamato.org.br\/sindicatos-rurais\/wp-json\/wp\/v2\/pages\/41","targetHints":{"allow":["GET"]}}],"collection":[{"href":"https:\/\/sistemafamato.org.br\/sindicatos-rurais\/wp-json\/wp\/v2\/pages"}],"about":[{"href":"https:\/\/sistemafamato.org.br\/sindicatos-rurais\/wp-json\/wp\/v2\/types\/page"}],"author":[{"embeddable":true,"href":"https:\/\/sistemafamato.org.br\/sindicatos-rurais\/wp-json\/wp\/v2\/users\/1"}],"replies":[{"embeddable":true,"href":"https:\/\/sistemafamato.org.br\/sindicatos-rurais\/wp-json\/wp\/v2\/comments?post=41"}],"version-history":[{"count":3,"href":"https:\/\/sistemafamato.org.br\/sindicatos-rurais\/wp-json\/wp\/v2\/pages\/41\/revisions"}],"predecessor-version":[{"id":1787,"href":"https:\/\/sistemafamato.org.br\/sindicatos-rurais\/wp-json\/wp\/v2\/pages\/41\/revisions\/1787"}],"wp:featuredmedia":[{"embeddable":true,"href":"https:\/\/sistemafamato.org.br\/sindicatos-rurais\/wp-json\/wp\/v2\/media\/40"}],"wp:attachment":[{"href":"https:\/\/sistemafamato.org.br\/sindicatos-rurais\/wp-json\/wp\/v2\/media?parent=41"}],"curies":[{"name":"wp","href":"https:\/\/api.w.org\/{rel}","templated":true}]}}