{"id":4,"date":"2021-11-07T17:42:56","date_gmt":"2021-11-07T20:42:56","guid":{"rendered":"https:\/\/sistemafamato.org.br\/sindicatos-rurais\/?page_id=4"},"modified":"2021-12-02T15:20:00","modified_gmt":"2021-12-02T19:20:00","slug":"quem-somos","status":"publish","type":"page","link":"https:\/\/sistemafamato.org.br\/sindicatos-rurais\/quem-somos\/","title":{"rendered":"Quem Somos"},"content":{"rendered":"\n<h1 class=\"sf-titulo wp-block-heading\">SOBRE O SINDICATO<\/h1>\n\n\n\n<div style=\"height:20px\" aria-hidden=\"true\" class=\"wp-block-spacer\"><\/div>\n\n\n\n<p>\u201cO Sindicato Rural, entendido como uma institui\u00e7\u00e3o, representa um processo de mudan\u00e7as sociais e econ\u00f4micas introduzindo inova\u00e7\u00f5es atrav\u00e9s de suas atividades no meio ambiente da sociedade ligada a toda conjuntura agropastoril\u201d. (VIEIRA,1994).<\/p>\n\n\n\n<p>Os Sindicatos s\u00e3o associa\u00e7\u00f5es civis formadas por membros de uma mesma classe ou categoria profissional e econ\u00f4mica, que visam coordenar, representar e defender os interesses e direitos de seus associados, relativos ao exerc\u00edcio de suas atividades.<\/p>\n\n\n\n<p>Por sua vez, os sindicatos de empregadores e trabalhadores rurais visam congregar os membros das respectivas categorias, defender seus interesses de maneira organizada e solid\u00e1ria, em prol da valoriza\u00e7\u00e3o e desenvolvimento socioecon\u00f4mico de seus membros, atrav\u00e9s do fomento da agropecu\u00e1ria em seus munic\u00edpios.<\/p>\n\n\n\n<p>O Sistema Sindical Rural \u00e9 a voz e a for\u00e7a do produtor rural, sendo ele composto por Sindicatos Rurais Municipais, Federa\u00e7\u00f5es de Agricultura e Pecu\u00e1ria dos Estados e pela Confedera\u00e7\u00e3o da Agricultura e Pecu\u00e1ria do Brasil (CNA).<\/p>\n\n\n\n<h2 class=\"wp-block-heading\">Objetivos<\/h2>\n\n\n\n<p><\/p>\n\n\n\n<p>Destacam-se alguns objetivos b\u00e1sicos do Sindicato Rural:<\/p>\n\n\n\n<p>\u25ba&nbsp;Congregar os membros da categoria de maneira organizada e solid\u00e1ria.<\/p>\n\n\n\n<p>\u25ba&nbsp;Representar e defender os interesses do produtor, com vistas \u00e0 sustentabilidade do setor agropecu\u00e1rio e \u00e0 melhoria da qualidade de vida no setor rural.<\/p>\n\n\n\n<p>\u25ba&nbsp;Representar a categoria junto aos conselhos, comiss\u00f5es, comit\u00eas, f\u00f3rum de debates, programas e outros canais de representa\u00e7\u00e3o, debater, reivindicar, sugerir, buscar respostas e apresentar sugest\u00f5es para a solu\u00e7\u00e3o dos problemas do setor rural.<\/p>\n\n\n\n<p>\u25ba&nbsp;Promover o desenvolvimento da sociedade e do munic\u00edpio.<\/p>\n\n\n\n<p>\u25ba&nbsp;Consolidar as alian\u00e7as estrat\u00e9gicas, relacionando-se com entidades privadas e p\u00fablicas por meio de parcerias, na busca de solu\u00e7\u00f5es para os problemas rurais.<\/p>\n\n\n\n<p>\u25ba&nbsp;Colabora\u00e7\u00e3o com os poderes p\u00fablicos, como \u00f3rg\u00e3o t\u00e9cnico e consultivo, na busca de solu\u00e7\u00f5es para o setor.<\/p>\n\n\n\n<p>\u25ba&nbsp;Introdu\u00e7\u00e3o de inova\u00e7\u00f5es no meio rural.<\/p>\n\n\n\n<p>\u25ba&nbsp;Desenvolver a\u00e7\u00f5es junto \u00e0 categoria que promovam mudan\u00e7as sociais e econ\u00f4micas.<\/p>\n\n\n\n<p>\u25ba&nbsp;A\u00e7\u00e3o fomentadora de desenvolvimento t\u00e9cnico-cient\u00edfico e da categoria que representa a agropecu\u00e1ria.<\/p>\n\n\n\n<p>\u25ba&nbsp;A\u00e7\u00e3o de apoio, presta\u00e7\u00e3o de assist\u00eancia e servi\u00e7os \u00e0 categoria.<\/p>\n\n\n\n<p>\u25ba&nbsp;Transfer\u00eancia e divulga\u00e7\u00e3o de informa\u00e7\u00f5es precisas \u00e0 sociedade, aos produtores rurais.<\/p>\n\n\n\n<p>\u25ba&nbsp;Promo\u00e7\u00e3o social e forma\u00e7\u00e3o profissional do homem do campo.<\/p>\n\n\n\n<div style=\"height:20px\" aria-hidden=\"true\" class=\"wp-block-spacer\"><\/div>\n\n\n\n<h2 class=\"wp-block-heading\">Recursos Financeiros<\/h2>\n\n\n\n<p>As principais fontes de recursos financeiros de uma entidade sindical rural s\u00e3o:<\/p>\n\n\n\n<p>\u2013 Contribui\u00e7\u00e3o Sindical Rural \u2013 CSR;<\/p>\n\n\n\n<p>\u2013 Contribui\u00e7\u00e3o Confederativa;<\/p>\n\n\n\n<p>\u2013 Contribui\u00e7\u00e3o Social (anuidades ou mensalidades fixadas aos seus associados);<\/p>\n\n\n\n<p>\u2013 Sobras auferidas com a realiza\u00e7\u00e3o de eventos direcionados \u00e0 sua categoria (leil\u00f5es, exposi\u00e7\u00f5es, feiras, semanas ruralistas, outros eventos);<\/p>\n\n\n\n<p>\u2013 Alugu\u00e9is de im\u00f3veis;<\/p>\n\n\n\n<p>\u2013 Donativos;<\/p>\n\n\n\n<p>\u2013 Subven\u00e7\u00f5es e conv\u00eanios.Conhe\u00e7a mais sobre a atua\u00e7\u00e3o do Sindicato Rural:<\/p>\n\n\n\n<figure class=\"wp-block-embed is-type-video is-provider-youtube wp-block-embed-youtube wp-embed-aspect-16-9 wp-has-aspect-ratio\"><div class=\"wp-block-embed__wrapper\">\n<iframe loading=\"lazy\" title=\"Sistema Famato l Entidades e Atua\u00e7\u00f5es\" width=\"500\" height=\"281\" src=\"https:\/\/www.youtube.com\/embed\/HAEkKA3MWCo?feature=oembed\" frameborder=\"0\" allow=\"accelerometer; autoplay; clipboard-write; encrypted-media; gyroscope; picture-in-picture; web-share\" referrerpolicy=\"strict-origin-when-cross-origin\" allowfullscreen><\/iframe>\n<\/div><\/figure>\n","protected":false},"excerpt":{"rendered":"<p>SOBRE O SINDICATO \u201cO Sindicato Rural, entendido como uma institui\u00e7\u00e3o, representa um processo de mudan\u00e7as sociais e econ\u00f4micas introduzindo inova\u00e7\u00f5es atrav\u00e9s de suas atividades no meio ambiente da sociedade ligada a toda conjuntura agropastoril\u201d. (VIEIRA,1994). Os Sindicatos s\u00e3o associa\u00e7\u00f5es civis formadas por membros de uma mesma classe ou categoria profissional e econ\u00f4mica, que visam coordenar, [&hellip;]<\/p>\n","protected":false},"author":1,"featured_media":6,"parent":0,"menu_order":0,"comment_status":"closed","ping_status":"closed","template":"","meta":{"footnotes":""},"class_list":["post-4","page","type-page","status-publish","has-post-thumbnail","hentry"],"acf":[],"_links":{"self":[{"href":"https:\/\/sistemafamato.org.br\/sindicatos-rurais\/wp-json\/wp\/v2\/pages\/4","targetHints":{"allow":["GET"]}}],"collection":[{"href":"https:\/\/sistemafamato.org.br\/sindicatos-rurais\/wp-json\/wp\/v2\/pages"}],"about":[{"href":"https:\/\/sistemafamato.org.br\/sindicatos-rurais\/wp-json\/wp\/v2\/types\/page"}],"author":[{"embeddable":true,"href":"https:\/\/sistemafamato.org.br\/sindicatos-rurais\/wp-json\/wp\/v2\/users\/1"}],"replies":[{"embeddable":true,"href":"https:\/\/sistemafamato.org.br\/sindicatos-rurais\/wp-json\/wp\/v2\/comments?post=4"}],"version-history":[{"count":10,"href":"https:\/\/sistemafamato.org.br\/sindicatos-rurais\/wp-json\/wp\/v2\/pages\/4\/revisions"}],"predecessor-version":[{"id":1825,"href":"https:\/\/sistemafamato.org.br\/sindicatos-rurais\/wp-json\/wp\/v2\/pages\/4\/revisions\/1825"}],"wp:featuredmedia":[{"embeddable":true,"href":"https:\/\/sistemafamato.org.br\/sindicatos-rurais\/wp-json\/wp\/v2\/media\/6"}],"wp:attachment":[{"href":"https:\/\/sistemafamato.org.br\/sindicatos-rurais\/wp-json\/wp\/v2\/media?parent=4"}],"curies":[{"name":"wp","href":"https:\/\/api.w.org\/{rel}","templated":true}]}}