{"id":34,"date":"2021-11-07T18:12:04","date_gmt":"2021-11-07T21:12:04","guid":{"rendered":"https:\/\/sistemafamato.org.br\/sindicatos-rurais\/?page_id=34"},"modified":"2021-12-02T16:40:16","modified_gmt":"2021-12-02T20:40:16","slug":"importancia-da-representacao-sindical","status":"publish","type":"page","link":"https:\/\/sistemafamato.org.br\/sindicatos-rurais\/importancia-da-representacao-sindical\/","title":{"rendered":"Import\u00e2ncia da Representa\u00e7\u00e3o Sindical"},"content":{"rendered":"\n<h1 class=\"sf-titulo wp-block-heading\">REPRESENTA\u00c7\u00c3O SINDICAL<\/h1>\n\n\n\n<div style=\"height:20px\" aria-hidden=\"true\" class=\"wp-block-spacer\"><\/div>\n\n\n\n<p>Produtor, o sistema sindical rural trabalha e fala em seu nome e de todos os produtores rurais, dando for\u00e7a e voz as suas demandas e na defesa dos seus direitos, independente do tamanho da sua propriedade ou ramo de atividade.<\/p>\n\n\n\n<p>Nossa atua\u00e7\u00e3o busca o di\u00e1logo para discutir a categoria econ\u00f4mica rural como um todo, as dificuldades na qualifica\u00e7\u00e3o de m\u00e3o de obra, legisla\u00e7\u00f5es, mudan\u00e7as econ\u00f4micas, negocia\u00e7\u00f5es coletivas de trabalho, diss\u00eddio coletivo, al\u00e9m de outros interesses dos produtores.<\/p>\n\n\n\n<p>Neste sentido, o Sindicato Rural identifica os principais entraves, lutando em favor da categoria patronal, enviando propostas de projetos de leis ao legislativo e defendendo perante a m\u00eddia situa\u00e7\u00f5es que prejudicam o segmento, apresentando a todos, alternativas de solu\u00e7\u00f5es.<\/p>\n\n\n\n<p>O Sindicato sempre vai promover a presta\u00e7\u00e3o de servi\u00e7os voltados para os produtores rurais, conte com a gente.<\/p>\n","protected":false},"excerpt":{"rendered":"<p>REPRESENTA\u00c7\u00c3O SINDICAL Produtor, o sistema sindical rural trabalha e fala em seu nome e de todos os produtores rurais, dando for\u00e7a e voz as suas demandas e na defesa dos seus direitos, independente do tamanho da sua propriedade ou ramo de atividade. Nossa atua\u00e7\u00e3o busca o di\u00e1logo para discutir a categoria econ\u00f4mica rural como um [&hellip;]<\/p>\n","protected":false},"author":1,"featured_media":36,"parent":0,"menu_order":0,"comment_status":"closed","ping_status":"closed","template":"","meta":{"footnotes":""},"class_list":["post-34","page","type-page","status-publish","has-post-thumbnail","hentry"],"acf":[],"_links":{"self":[{"href":"https:\/\/sistemafamato.org.br\/sindicatos-rurais\/wp-json\/wp\/v2\/pages\/34","targetHints":{"allow":["GET"]}}],"collection":[{"href":"https:\/\/sistemafamato.org.br\/sindicatos-rurais\/wp-json\/wp\/v2\/pages"}],"about":[{"href":"https:\/\/sistemafamato.org.br\/sindicatos-rurais\/wp-json\/wp\/v2\/types\/page"}],"author":[{"embeddable":true,"href":"https:\/\/sistemafamato.org.br\/sindicatos-rurais\/wp-json\/wp\/v2\/users\/1"}],"replies":[{"embeddable":true,"href":"https:\/\/sistemafamato.org.br\/sindicatos-rurais\/wp-json\/wp\/v2\/comments?post=34"}],"version-history":[{"count":4,"href":"https:\/\/sistemafamato.org.br\/sindicatos-rurais\/wp-json\/wp\/v2\/pages\/34\/revisions"}],"predecessor-version":[{"id":1828,"href":"https:\/\/sistemafamato.org.br\/sindicatos-rurais\/wp-json\/wp\/v2\/pages\/34\/revisions\/1828"}],"wp:featuredmedia":[{"embeddable":true,"href":"https:\/\/sistemafamato.org.br\/sindicatos-rurais\/wp-json\/wp\/v2\/media\/36"}],"wp:attachment":[{"href":"https:\/\/sistemafamato.org.br\/sindicatos-rurais\/wp-json\/wp\/v2\/media?parent=34"}],"curies":[{"name":"wp","href":"https:\/\/api.w.org\/{rel}","templated":true}]}}