{"id":30,"date":"2021-11-07T18:07:12","date_gmt":"2021-11-07T21:07:12","guid":{"rendered":"https:\/\/sistemafamato.org.br\/sindicatos-rurais\/?page_id=30"},"modified":"2021-12-02T16:35:07","modified_gmt":"2021-12-02T20:35:07","slug":"areas-de-atuacao","status":"publish","type":"page","link":"https:\/\/sistemafamato.org.br\/sindicatos-rurais\/areas-de-atuacao\/","title":{"rendered":"\u00c1reas de Atua\u00e7\u00e3o"},"content":{"rendered":"\n<h1 class=\"sf-titulo wp-block-heading\">\u00c1REAS DE ATUA\u00c7\u00c3O<\/h1>\n\n\n\n<div style=\"height:20px\" aria-hidden=\"true\" class=\"wp-block-spacer\"><\/div>\n\n\n\n<p>A estrutura\u00e7\u00e3o de uma entidade sindical rural, a sua departamentaliza\u00e7\u00e3o, aliada \u00e0 forma\u00e7\u00e3o e ao aperfei\u00e7oamento de seus recursos humanos, tamb\u00e9m pode ser direcionada \u00e0 presta\u00e7\u00e3o de servi\u00e7os e assist\u00eancia aos seus associados, bem como \u00e0 realiza\u00e7\u00e3o de eventos de interesse da classe, objetivando fomentar o desenvolvimento da categoria que representa.<br>Essencialmente, o Sindicato pode atuar nas mais diferentes \u00e1reas que comp\u00f5em o setor agropecu\u00e1rio e de interesse de seus associados. Destacam-se algumas:<\/p>\n\n\n\n<p>1- Assessoramento, assist\u00eancia e orienta\u00e7\u00f5es preventivas nas \u00e1reas trabalhista, previdenci\u00e1ria, fiscal, tribut\u00e1ria, fundi\u00e1ria, econ\u00f4mica e gerencial.<\/p>\n\n\n\n<p>2- Assist\u00eancia t\u00e9cnica e prestacional nas \u00e1reas agron\u00f4mica, veterin\u00e1ria, zoot\u00e9cnica e cont\u00e1bil.<\/p>\n\n\n\n<p>3- Contabilidade fiscal e trabalhista: orienta\u00e7\u00f5es e preenchimento das declara\u00e7\u00f5es rotineiras como Imposto Territorial Rural (ITR), Imposto de Renda, Declara\u00e7\u00e3o de Isento, Ato Declarat\u00f3rio Ambiental (ADA), Declara\u00e7\u00e3o de Propriedade (DP), do Incra.<\/p>\n\n\n\n<p>4- Orienta\u00e7\u00f5es sobre cr\u00e9dito rural, Pronaf, emiss\u00e3o da Declara\u00e7\u00e3o de Aptid\u00e3o ao Pronaf (DAP).<\/p>\n\n\n\n<p>5- Servi\u00e7os de despachante<\/p>\n\n\n\n<p>6- Orienta\u00e7\u00f5es e formula\u00e7\u00e3o de contratos e distratos.<\/p>\n\n\n\n<p>7- Negocia\u00e7\u00f5es em conjunto, conven\u00e7\u00f5es e acordos coletivos.<\/p>\n\n\n\n<p>8- Realiza\u00e7\u00e3o de exposi\u00e7\u00f5es, feiras, leil\u00f5es, torneios e rodeios.<\/p>\n\n\n\n<p>9-Promo\u00e7\u00e3o de confer\u00eancias, palestras e excurs\u00f5es t\u00e9cnicas.<\/p>\n\n\n\n<p>10- Cursos e treinamentos de forma\u00e7\u00e3o profissional rural e atividades de promo\u00e7\u00e3o social em parceria com o Servi\u00e7o Nacional de Aprendizagem Rural (Senar).<\/p>\n\n\n\n<p>11- Divulga\u00e7\u00e3o de mat\u00e9rias de interesse do produtor rural, nas \u00e1reas t\u00e9cnica, de pol\u00edtica de classe e informa\u00e7\u00f5es gerais.<\/p>\n\n\n\n<p>12- Atividades sociais, como jantares de confraterniza\u00e7\u00e3o, comemora\u00e7\u00f5es, atividades de lazer, conv\u00eanios que viabilizem assist\u00eancia m\u00e9dica e odontol\u00f3gica.<\/p>\n\n\n\n<p>13- Conv\u00eanios com o com\u00e9rcio local visando a melhores condi\u00e7\u00f5es de negocia\u00e7\u00e3o para os associados, como a estrat\u00e9gia do Cart\u00e3o Produtor.<\/p>\n\n\n\n<p>14- Trabalhos integrados com os diversos \u00f3rg\u00e3os ligados \u00e0 atividade agropecu\u00e1ria.<\/p>\n\n\n\n<p>15- Parcerias que possibilitem presta\u00e7\u00e3o de servi\u00e7os, como a patrulha mecanizada e patrulha rural.<\/p>\n\n\n\n<p>16- Atividades que estimulem a participa\u00e7\u00e3o das mulheres e dos jovens ligados ao setor rural.<\/p>\n","protected":false},"excerpt":{"rendered":"<p>\u00c1REAS DE ATUA\u00c7\u00c3O A estrutura\u00e7\u00e3o de uma entidade sindical rural, a sua departamentaliza\u00e7\u00e3o, aliada \u00e0 forma\u00e7\u00e3o e ao aperfei\u00e7oamento de seus recursos humanos, tamb\u00e9m pode ser direcionada \u00e0 presta\u00e7\u00e3o de servi\u00e7os e assist\u00eancia aos seus associados, bem como \u00e0 realiza\u00e7\u00e3o de eventos de interesse da classe, objetivando fomentar o desenvolvimento da categoria que representa.Essencialmente, o [&hellip;]<\/p>\n","protected":false},"author":1,"featured_media":32,"parent":0,"menu_order":0,"comment_status":"closed","ping_status":"closed","template":"","meta":{"footnotes":""},"class_list":["post-30","page","type-page","status-publish","has-post-thumbnail","hentry"],"acf":[],"_links":{"self":[{"href":"https:\/\/sistemafamato.org.br\/sindicatos-rurais\/wp-json\/wp\/v2\/pages\/30","targetHints":{"allow":["GET"]}}],"collection":[{"href":"https:\/\/sistemafamato.org.br\/sindicatos-rurais\/wp-json\/wp\/v2\/pages"}],"about":[{"href":"https:\/\/sistemafamato.org.br\/sindicatos-rurais\/wp-json\/wp\/v2\/types\/page"}],"author":[{"embeddable":true,"href":"https:\/\/sistemafamato.org.br\/sindicatos-rurais\/wp-json\/wp\/v2\/users\/1"}],"replies":[{"embeddable":true,"href":"https:\/\/sistemafamato.org.br\/sindicatos-rurais\/wp-json\/wp\/v2\/comments?post=30"}],"version-history":[{"count":3,"href":"https:\/\/sistemafamato.org.br\/sindicatos-rurais\/wp-json\/wp\/v2\/pages\/30\/revisions"}],"predecessor-version":[{"id":1827,"href":"https:\/\/sistemafamato.org.br\/sindicatos-rurais\/wp-json\/wp\/v2\/pages\/30\/revisions\/1827"}],"wp:featuredmedia":[{"embeddable":true,"href":"https:\/\/sistemafamato.org.br\/sindicatos-rurais\/wp-json\/wp\/v2\/media\/32"}],"wp:attachment":[{"href":"https:\/\/sistemafamato.org.br\/sindicatos-rurais\/wp-json\/wp\/v2\/media?parent=30"}],"curies":[{"name":"wp","href":"https:\/\/api.w.org\/{rel}","templated":true}]}}