{"id":91,"date":"2021-11-07T16:20:24","date_gmt":"2021-11-07T19:20:24","guid":{"rendered":"https:\/\/sistemafamato.org.br\/senarmt\/?page_id=91"},"modified":"2024-06-13T15:39:46","modified_gmt":"2024-06-13T19:39:46","slug":"o-que-e-ateg","status":"publish","type":"page","link":"https:\/\/sistemafamato.org.br\/senarmt\/o-que-e-ateg\/","title":{"rendered":"O Que \u00e9"},"content":{"rendered":"\n<h1 class=\"wp-block-heading sf-titulo\">O QUE \u00c9?<\/h1>\n\n\n\n<div style=\"height:20px\" aria-hidden=\"true\" class=\"wp-block-spacer\"><\/div>\n\n\n\n<p>Em 2015, o Senar Mato Grosso passou a oferecer <strong>Assist\u00eancia T\u00e9cnica e Gerencial (ATeG)<\/strong>. A metodologia tem como objetivo atender os produtores rurais oferecendo um modelo de gest\u00e3o e opera\u00e7\u00e3o que engloba todos os processos da atividade produtiva na propriedade de forma continuada.<\/p>\n\n\n\n<p>O foco \u00e9 levar evolu\u00e7\u00e3o para o neg\u00f3cio e para o campo apresentando novas tecnologias e formas de manejo para o produtor aumentar a sua produtividade e renda. \u00c9 interessante lembrar que a Assist\u00eancia T\u00e9cnica e Gerencial gera demandas de a\u00e7\u00f5es de FPR, PS ou Programas Especiais identificados pelo t\u00e9cnico ou supervisor.<\/p>\n\n\n\n<p>Todas as a\u00e7\u00f5es da ATeG nas propriedades rurais s\u00e3o desenvolvidas em parceria com os Sindicatos Rurais. Em Mato Grosso, o programa atua em diversas frentes de trabalho: Agroind\u00fastria, Apicultura, Avicultura, Cafeicultura, Bovinocultura de Corte e de Leite,&nbsp; Floricultura, Fruticultura, Gr\u00e3os, Olericultura, Ovinocaprinocultura de Corte, Piscicultura e Cacauicultura. <\/p>\n\n\n\n<p>Al\u00e9m disso a ATeG det\u00e9m projetos como: Fazenda Pantaneira Sustent\u00e1vel, criado para auxiliar produtores rurais da regi\u00e3o de forma sustent\u00e1vel e na contru\u00e7\u00e3o de pol\u00edticas p\u00fablicas junto a <strong>Federa\u00e7\u00e3o da Agricultura e Pecu\u00e1ria de Mato Grosso<\/strong>&nbsp;(Famato), e tamb\u00e9m a ATeG Insemin\u00e7\u00e3o, que busca impulsionar a produtividade e rentabilidade dos produtores por meio da implementa\u00e7\u00e3o da Insemina\u00e7\u00e3o Artificial em tempo Fixo (IATF), e por conseguinte a ado\u00e7\u00e3o de novas a\u00e7\u00f5es. <\/p>\n\n\n\n<p>Para levar essas a\u00e7\u00f5es at\u00e9 os munic\u00edpios de Mato Grosso, a ATeG conta com t\u00e9cnicos de campo credenciados das mais diversas \u00e1reas de forma\u00e7\u00e3o. Atualmente o Senar-MT atende mais de 4 mil propriedades.<\/p>\n\n\n\n<p>Para saber mais informa\u00e7\u00f5es sobre o Programa ou como a propriedade rural pode participar, o produtor interessado deve procurar o Sindicato Rural do seu munic\u00edpio ou entrar em contato diretamente com a ATeG pelo e-mail: ateg@senarmt.org.br&nbsp;ou telefone (65) 3928-4820.<\/p>\n\n\n\n<div style=\"height:20px\" aria-hidden=\"true\" class=\"wp-block-spacer\"><\/div>\n\n\n\n<figure class=\"wp-block-gallery has-nested-images columns-default is-cropped wp-block-gallery-1 is-layout-flex wp-block-gallery-is-layout-flex\">\n<figure class=\"wp-block-image size-large\"><img loading=\"lazy\" decoding=\"async\" width=\"768\" height=\"576\" data-id=\"93\" src=\"https:\/\/sistemafamato.org.br\/senarmt\/wp-content\/uploads\/sites\/2\/2021\/11\/img-ateg-01.jpeg\" alt=\"\" class=\"wp-image-93\" srcset=\"https:\/\/sistemafamato.org.br\/senarmt\/wp-content\/uploads\/sites\/2\/2021\/11\/img-ateg-01.jpeg 768w, https:\/\/sistemafamato.org.br\/senarmt\/wp-content\/uploads\/sites\/2\/2021\/11\/img-ateg-01-300x225.jpeg 300w\" sizes=\"auto, (max-width: 768px) 100vw, 768px\" \/><\/figure>\n\n\n\n<figure class=\"wp-block-image size-large\"><img loading=\"lazy\" decoding=\"async\" width=\"768\" height=\"576\" data-id=\"94\" src=\"https:\/\/sistemafamato.org.br\/senarmt\/wp-content\/uploads\/sites\/2\/2021\/11\/img-ateg-02.jpeg\" alt=\"\" class=\"wp-image-94\" srcset=\"https:\/\/sistemafamato.org.br\/senarmt\/wp-content\/uploads\/sites\/2\/2021\/11\/img-ateg-02.jpeg 768w, https:\/\/sistemafamato.org.br\/senarmt\/wp-content\/uploads\/sites\/2\/2021\/11\/img-ateg-02-300x225.jpeg 300w\" sizes=\"auto, (max-width: 768px) 100vw, 768px\" \/><\/figure>\n<\/figure>\n\n\n\n<div style=\"height:20px\" aria-hidden=\"true\" class=\"wp-block-spacer\"><\/div>\n\n\n\n<figure class=\"wp-block-embed is-type-video is-provider-youtube wp-block-embed-youtube wp-embed-aspect-16-9 wp-has-aspect-ratio\"><div class=\"wp-block-embed__wrapper\">\n<iframe loading=\"lazy\" title=\"ATeG Transforma \u2013 Evolu\u00e7\u00e3o em propriedade de leite impressiona produtores e reacende esperan\u00e7a\" width=\"500\" height=\"281\" src=\"https:\/\/www.youtube.com\/embed\/2v7stlin4CU?start=1&#038;feature=oembed\" frameborder=\"0\" allow=\"accelerometer; autoplay; clipboard-write; encrypted-media; gyroscope; picture-in-picture; web-share\" referrerpolicy=\"strict-origin-when-cross-origin\" allowfullscreen><\/iframe>\n<\/div><\/figure>\n","protected":false},"excerpt":{"rendered":"<p>O QUE \u00c9? Em 2015, o Senar Mato Grosso passou a oferecer Assist\u00eancia T\u00e9cnica e Gerencial (ATeG). A metodologia tem como objetivo atender os produtores rurais oferecendo um modelo de gest\u00e3o e opera\u00e7\u00e3o que engloba todos os processos da atividade produtiva na propriedade de forma continuada. O foco \u00e9 levar evolu\u00e7\u00e3o para o neg\u00f3cio e [&hellip;]<\/p>\n","protected":false},"author":1,"featured_media":95,"parent":0,"menu_order":0,"comment_status":"closed","ping_status":"closed","template":"","meta":{"advgb_blocks_editor_width":"","advgb_blocks_columns_visual_guide":"","footnotes":""},"class_list":["post-91","page","type-page","status-publish","has-post-thumbnail","hentry"],"acf":[],"coauthors":[],"author_meta":{"author_link":"https:\/\/sistemafamato.org.br\/senarmt\/author\/siteadmin\/","display_name":"siteadmin"},"relative_dates":{"created":"Publicado 4 anos atr\u00e1s","modified":"Atualizado 2 anos atr\u00e1s"},"absolute_dates":{"created":"Publicado em 7 de novembro de 2021","modified":"Atualizado em 13 de junho de 2024"},"absolute_dates_time":{"created":"Publicado em 7 de novembro de 2021 16:20","modified":"Atualizado em 13 de junho de 2024 15:39"},"featured_img_caption":"","featured_img":"https:\/\/sistemafamato.org.br\/senarmt\/wp-content\/uploads\/sites\/2\/2021\/11\/topo-assistencia-tecnica.jpeg","series_order":"","_links":{"self":[{"href":"https:\/\/sistemafamato.org.br\/senarmt\/wp-json\/wp\/v2\/pages\/91","targetHints":{"allow":["GET"]}}],"collection":[{"href":"https:\/\/sistemafamato.org.br\/senarmt\/wp-json\/wp\/v2\/pages"}],"about":[{"href":"https:\/\/sistemafamato.org.br\/senarmt\/wp-json\/wp\/v2\/types\/page"}],"author":[{"embeddable":true,"href":"https:\/\/sistemafamato.org.br\/senarmt\/wp-json\/wp\/v2\/users\/1"}],"replies":[{"embeddable":true,"href":"https:\/\/sistemafamato.org.br\/senarmt\/wp-json\/wp\/v2\/comments?post=91"}],"version-history":[{"count":11,"href":"https:\/\/sistemafamato.org.br\/senarmt\/wp-json\/wp\/v2\/pages\/91\/revisions"}],"predecessor-version":[{"id":539856,"href":"https:\/\/sistemafamato.org.br\/senarmt\/wp-json\/wp\/v2\/pages\/91\/revisions\/539856"}],"wp:featuredmedia":[{"embeddable":true,"href":"https:\/\/sistemafamato.org.br\/senarmt\/wp-json\/wp\/v2\/media\/95"}],"wp:attachment":[{"href":"https:\/\/sistemafamato.org.br\/senarmt\/wp-json\/wp\/v2\/media?parent=91"}],"curies":[{"name":"wp","href":"https:\/\/api.w.org\/{rel}","templated":true}]}}