{"id":82,"date":"2021-11-06T17:52:44","date_gmt":"2021-11-06T20:52:44","guid":{"rendered":"https:\/\/sistemafamato.org.br\/senarmt\/?page_id=82"},"modified":"2025-09-17T16:52:29","modified_gmt":"2025-09-17T20:52:29","slug":"centro-de-excelencia","status":"publish","type":"page","link":"https:\/\/sistemafamato.org.br\/senarmt\/centro-de-excelencia\/","title":{"rendered":"Centro de Excel\u00eancia"},"content":{"rendered":"\n<h1 class=\"wp-block-heading sf-titulo\"><strong>CENTRO DE EXCEL\u00caNCIA<\/strong><\/h1>\n\n\n\n<div style=\"height:20px\" aria-hidden=\"true\" class=\"wp-block-spacer\"><\/div>\n\n\n\n<p>Centro de Excel\u00eancia em Gr\u00e3os, Fibras e Oleaginosas \u2013 SENAR\/MT<\/p>\n\n\n\n<p>Diante da crescente demanda por m\u00e3o de obra qualificada no setor agropecu\u00e1rio, o SENAR\/MT, em parceria com o SENAR Administra\u00e7\u00e3o Central e a CNA, criou o Centro de Excel\u00eancia em Gr\u00e3os, Fibras e Oleaginosas, em Tangar\u00e1 da Serra (MT). A iniciativa tem como objetivo ampliar a educa\u00e7\u00e3o profissional e tecnol\u00f3gica, promovendo a forma\u00e7\u00e3o de profissionais preparados para os desafios do campo, com responsabilidade ambiental e social.<\/p>\n\n\n\n<p>O Centro vai oferecer forma\u00e7\u00e3o t\u00e9cnica gratuita por meio do Curso T\u00e9cnico em Agricultura e da Especializa\u00e7\u00e3o T\u00e9cnica em Gr\u00e3os, Fibras e Oleaginosas, na modalidade subsequente (para quem j\u00e1 concluiu o Ensino M\u00e9dio) e concomitante (a partir do 2\u00ba ano do Ensino M\u00e9dio), para estudantes de todo o pa\u00eds.<\/p>\n\n\n\n<p>Fazendo parte de uma rede nacional de ensino, o Centro atuar\u00e1 em parceria com produtores, sindicatos, cooperativas, agroind\u00fastrias, institui\u00e7\u00f5es de pesquisa e o meio acad\u00eamico, ampliando o acesso ao conhecimento e \u00e0 inova\u00e7\u00e3o no meio rural.<\/p>\n\n\n\n<p>Infraestrutura Moderna e Sustent\u00e1vel<\/p>\n\n\n\n<p>Com projeto arquitet\u00f4nico padronizado e acess\u00edvel, a estrutura do Centro de Excel\u00eancia foi pensada para se adaptar \u00e0s diversas realidades regionais do pa\u00eds. Destaca-se pelo uso de energias renov\u00e1veis e sistemas de reuso de \u00e1gua, promovendo a sustentabilidade ambiental.<\/p>\n\n\n\n<p>Inova\u00e7\u00e3o, Pr\u00e1tica e Mercado de Trabalho<\/p>\n\n\n\n<p>O Centro promover\u00e1 o acesso \u00e0s boas pr\u00e1ticas de produ\u00e7\u00e3o e gest\u00e3o, incentivando a pesquisa, inova\u00e7\u00e3o e o empreendedorismo. Com aulas te\u00f3ricas e pr\u00e1ticas, os alunos desenvolvem compet\u00eancias t\u00e9cnicas e comportamentais, alinhadas \u00e0s exig\u00eancias do mercado atual.<\/p>\n\n\n\n<p>Equipe Qualificada e Forma\u00e7\u00e3o Profissional<\/p>\n\n\n\n<p>Os cursos contar\u00e3o com instrutores experientes, com s\u00f3lida forma\u00e7\u00e3o te\u00f3rica e pr\u00e1tica no campo. O profissional egresso ser\u00e1 capaz de atuar com autonomia, pensamento cr\u00edtico e iniciativa, assumindo fun\u00e7\u00f5es t\u00e9cnicas, de gest\u00e3o e coordena\u00e7\u00e3o de equipes no setor agr\u00edcola nacional.<\/p>\n\n\n\n<div style=\"height:20px\" aria-hidden=\"true\" class=\"wp-block-spacer\"><\/div>\n\n\n\n<figure class=\"wp-block-gallery aligncenter has-nested-images columns-2 is-cropped wp-block-gallery-1 is-layout-flex wp-block-gallery-is-layout-flex\">\n<figure class=\"wp-block-image size-large\"><img loading=\"lazy\" decoding=\"async\" width=\"1024\" height=\"576\" data-id=\"574952\" src=\"https:\/\/sistemafamato.org.br\/senarmt\/wp-content\/uploads\/sites\/2\/2025\/09\/Centro-Excelencia-01-1024x576.jpeg\" alt=\"\" class=\"wp-image-574952\" srcset=\"https:\/\/sistemafamato.org.br\/senarmt\/wp-content\/uploads\/sites\/2\/2025\/09\/Centro-Excelencia-01-1024x576.jpeg 1024w, https:\/\/sistemafamato.org.br\/senarmt\/wp-content\/uploads\/sites\/2\/2025\/09\/Centro-Excelencia-01-300x169.jpeg 300w, https:\/\/sistemafamato.org.br\/senarmt\/wp-content\/uploads\/sites\/2\/2025\/09\/Centro-Excelencia-01-768x432.jpeg 768w, https:\/\/sistemafamato.org.br\/senarmt\/wp-content\/uploads\/sites\/2\/2025\/09\/Centro-Excelencia-01-1536x864.jpeg 1536w, https:\/\/sistemafamato.org.br\/senarmt\/wp-content\/uploads\/sites\/2\/2025\/09\/Centro-Excelencia-01-150x84.jpeg 150w, https:\/\/sistemafamato.org.br\/senarmt\/wp-content\/uploads\/sites\/2\/2025\/09\/Centro-Excelencia-01.jpeg 1600w\" sizes=\"auto, (max-width: 1024px) 100vw, 1024px\" \/><\/figure>\n\n\n\n<figure class=\"wp-block-image size-large\"><img loading=\"lazy\" decoding=\"async\" width=\"1024\" height=\"576\" data-id=\"574954\" src=\"https:\/\/sistemafamato.org.br\/senarmt\/wp-content\/uploads\/sites\/2\/2025\/09\/Centro-Excelencia-02-1024x576.jpeg\" alt=\"\" class=\"wp-image-574954\" srcset=\"https:\/\/sistemafamato.org.br\/senarmt\/wp-content\/uploads\/sites\/2\/2025\/09\/Centro-Excelencia-02-1024x576.jpeg 1024w, https:\/\/sistemafamato.org.br\/senarmt\/wp-content\/uploads\/sites\/2\/2025\/09\/Centro-Excelencia-02-300x169.jpeg 300w, https:\/\/sistemafamato.org.br\/senarmt\/wp-content\/uploads\/sites\/2\/2025\/09\/Centro-Excelencia-02-768x432.jpeg 768w, https:\/\/sistemafamato.org.br\/senarmt\/wp-content\/uploads\/sites\/2\/2025\/09\/Centro-Excelencia-02-1536x864.jpeg 1536w, https:\/\/sistemafamato.org.br\/senarmt\/wp-content\/uploads\/sites\/2\/2025\/09\/Centro-Excelencia-02-150x84.jpeg 150w, https:\/\/sistemafamato.org.br\/senarmt\/wp-content\/uploads\/sites\/2\/2025\/09\/Centro-Excelencia-02.jpeg 1600w\" sizes=\"auto, (max-width: 1024px) 100vw, 1024px\" \/><\/figure>\n\n\n\n<figure class=\"wp-block-image size-large\"><img loading=\"lazy\" decoding=\"async\" width=\"1024\" height=\"576\" data-id=\"574955\" src=\"https:\/\/sistemafamato.org.br\/senarmt\/wp-content\/uploads\/sites\/2\/2025\/09\/Centro-Excelencia-03-1024x576.jpeg\" alt=\"\" class=\"wp-image-574955\" srcset=\"https:\/\/sistemafamato.org.br\/senarmt\/wp-content\/uploads\/sites\/2\/2025\/09\/Centro-Excelencia-03-1024x576.jpeg 1024w, https:\/\/sistemafamato.org.br\/senarmt\/wp-content\/uploads\/sites\/2\/2025\/09\/Centro-Excelencia-03-300x169.jpeg 300w, https:\/\/sistemafamato.org.br\/senarmt\/wp-content\/uploads\/sites\/2\/2025\/09\/Centro-Excelencia-03-768x432.jpeg 768w, https:\/\/sistemafamato.org.br\/senarmt\/wp-content\/uploads\/sites\/2\/2025\/09\/Centro-Excelencia-03-1536x864.jpeg 1536w, https:\/\/sistemafamato.org.br\/senarmt\/wp-content\/uploads\/sites\/2\/2025\/09\/Centro-Excelencia-03-150x84.jpeg 150w, https:\/\/sistemafamato.org.br\/senarmt\/wp-content\/uploads\/sites\/2\/2025\/09\/Centro-Excelencia-03.jpeg 1600w\" sizes=\"auto, (max-width: 1024px) 100vw, 1024px\" \/><\/figure>\n\n\n\n<figure class=\"wp-block-image size-large\"><img loading=\"lazy\" decoding=\"async\" width=\"1024\" height=\"576\" data-id=\"574957\" src=\"https:\/\/sistemafamato.org.br\/senarmt\/wp-content\/uploads\/sites\/2\/2025\/09\/Centro-Excelencia-05-1024x576.jpeg\" alt=\"\" class=\"wp-image-574957\" srcset=\"https:\/\/sistemafamato.org.br\/senarmt\/wp-content\/uploads\/sites\/2\/2025\/09\/Centro-Excelencia-05-1024x576.jpeg 1024w, https:\/\/sistemafamato.org.br\/senarmt\/wp-content\/uploads\/sites\/2\/2025\/09\/Centro-Excelencia-05-300x169.jpeg 300w, https:\/\/sistemafamato.org.br\/senarmt\/wp-content\/uploads\/sites\/2\/2025\/09\/Centro-Excelencia-05-768x432.jpeg 768w, https:\/\/sistemafamato.org.br\/senarmt\/wp-content\/uploads\/sites\/2\/2025\/09\/Centro-Excelencia-05-1536x864.jpeg 1536w, https:\/\/sistemafamato.org.br\/senarmt\/wp-content\/uploads\/sites\/2\/2025\/09\/Centro-Excelencia-05-150x84.jpeg 150w, https:\/\/sistemafamato.org.br\/senarmt\/wp-content\/uploads\/sites\/2\/2025\/09\/Centro-Excelencia-05.jpeg 1600w\" sizes=\"auto, (max-width: 1024px) 100vw, 1024px\" \/><\/figure>\n<\/figure>\n","protected":false},"excerpt":{"rendered":"<p>CENTRO DE EXCEL\u00caNCIA Centro de Excel\u00eancia em Gr\u00e3os, Fibras e Oleaginosas \u2013 SENAR\/MT Diante da crescente demanda por m\u00e3o de obra qualificada no setor agropecu\u00e1rio, o SENAR\/MT, em parceria com o SENAR Administra\u00e7\u00e3o Central e a CNA, criou o Centro de Excel\u00eancia em Gr\u00e3os, Fibras e Oleaginosas, em Tangar\u00e1 da Serra (MT). A iniciativa tem [&hellip;]<\/p>\n","protected":false},"author":1,"featured_media":65,"parent":0,"menu_order":0,"comment_status":"closed","ping_status":"closed","template":"","meta":{"advgb_blocks_editor_width":"","advgb_blocks_columns_visual_guide":"","footnotes":""},"class_list":["post-82","page","type-page","status-publish","has-post-thumbnail","hentry"],"acf":[],"coauthors":[],"author_meta":{"author_link":"https:\/\/sistemafamato.org.br\/senarmt\/author\/siteadmin\/","display_name":"siteadmin"},"relative_dates":{"created":"Publicado 4 anos atr\u00e1s","modified":"Atualizado 7 meses atr\u00e1s"},"absolute_dates":{"created":"Publicado em 6 de novembro de 2021","modified":"Atualizado em 17 de setembro de 2025"},"absolute_dates_time":{"created":"Publicado em 6 de novembro de 2021 17:52","modified":"Atualizado em 17 de setembro de 2025 16:52"},"featured_img_caption":"","featured_img":"https:\/\/sistemafamato.org.br\/senarmt\/wp-content\/uploads\/sites\/2\/2021\/11\/topo-centro-treinamento.jpeg","series_order":"","_links":{"self":[{"href":"https:\/\/sistemafamato.org.br\/senarmt\/wp-json\/wp\/v2\/pages\/82","targetHints":{"allow":["GET"]}}],"collection":[{"href":"https:\/\/sistemafamato.org.br\/senarmt\/wp-json\/wp\/v2\/pages"}],"about":[{"href":"https:\/\/sistemafamato.org.br\/senarmt\/wp-json\/wp\/v2\/types\/page"}],"author":[{"embeddable":true,"href":"https:\/\/sistemafamato.org.br\/senarmt\/wp-json\/wp\/v2\/users\/1"}],"replies":[{"embeddable":true,"href":"https:\/\/sistemafamato.org.br\/senarmt\/wp-json\/wp\/v2\/comments?post=82"}],"version-history":[{"count":8,"href":"https:\/\/sistemafamato.org.br\/senarmt\/wp-json\/wp\/v2\/pages\/82\/revisions"}],"predecessor-version":[{"id":574958,"href":"https:\/\/sistemafamato.org.br\/senarmt\/wp-json\/wp\/v2\/pages\/82\/revisions\/574958"}],"wp:featuredmedia":[{"embeddable":true,"href":"https:\/\/sistemafamato.org.br\/senarmt\/wp-json\/wp\/v2\/media\/65"}],"wp:attachment":[{"href":"https:\/\/sistemafamato.org.br\/senarmt\/wp-json\/wp\/v2\/media?parent=82"}],"curies":[{"name":"wp","href":"https:\/\/api.w.org\/{rel}","templated":true}]}}