{"id":78,"date":"2021-11-06T17:47:26","date_gmt":"2021-11-06T20:47:26","guid":{"rendered":"https:\/\/sistemafamato.org.br\/senarmt\/?page_id=78"},"modified":"2024-11-27T15:28:45","modified_gmt":"2024-11-27T19:28:45","slug":"nucleo-avancado-de-capacitacao","status":"publish","type":"page","link":"https:\/\/sistemafamato.org.br\/senarmt\/nucleo-avancado-de-capacitacao\/","title":{"rendered":"N\u00facleo Avan\u00e7ado de Capacita\u00e7\u00e3o"},"content":{"rendered":"\n<h1 class=\"wp-block-heading sf-titulo\">N\u00daCLEO AVAN\u00c7ADO DE CAPACITA\u00c7\u00c3O<\/h1>\n\n\n\n<div style=\"height:20px\" aria-hidden=\"true\" class=\"wp-block-spacer\"><\/div>\n\n\n\n<p>Os N\u00facleos Avan\u00e7ados de Capacita\u00e7\u00e3o (NAC) s\u00e3o uma realiza\u00e7\u00e3o significativa resultante da parceria entre o Servi\u00e7o Nacional de Aprendizagem Rural (SENAR) e os Sindicatos Rurais. Esses n\u00facleos possuem uma estrutura abrangente, que inclui salas de aula, cozinha industrial, pequenos audit\u00f3rios em algumas unidades, salas administrativas e todo o equipamento necess\u00e1rio para a realiza\u00e7\u00e3o de treinamentos t\u00e9cnicos profissionalizantes. Eles representam um importante recurso para capacitar os trabalhadores rurais, fornecendo o ambiente e os recursos essenciais para o desenvolvimento de habilidades e conhecimentos que promovam o progresso e a competitividade no setor agr\u00edcola.<\/p>\n\n\n\n<p>Atualmente, 36 Sindicatos Rurais que j\u00e1 possuem N\u00facleo Avan\u00e7ado de Capacita\u00e7\u00e3o, s\u00e3o eles:<br>Tangar\u00e1 Da Serra, Tapurah, Vera, Tabapor\u00e3, Confresa, Cotrigua\u00e7u, Pocon\u00e9, Diamantino, Porto dos Ga\u00fachos, Primavera Do Leste, Ribeir\u00e3o Cascalheira, Vale Do Rio Branco, Matup\u00e1, Nova Cana\u00e3 Do Norte, Campo Verde, Campos De J\u00falio, Carlinda, Apiac\u00e1s, Claudia, Barra Do Bugres, Santa Cruz Do Xingu, S\u00e3o F\u00e9lix Do Araguaia, Nova Monte Verde,Comodoro, Juara, Ipiranga do Norte, Ju\u00edna, Sapezal, Brasnorte, C\u00e1ceres, Parana\u00edta, Campin\u00e1polis, S\u00e3o Jos\u00e9 Dos Quatro Marcos, Paranatinga, Nova Ubirat\u00e3 e Nova Bandeirantes.<\/p>\n\n\n\n<p>As pessoas interessadas em fazer cursos e treinamentos ofertados pelo Senar-MT devem procurar o Sindicato Rural de seu munic\u00edpio ou entrar na <a href=\"https:\/\/sistemafamato.org.br\/senarmt\/nossos-cursos\/\"><strong>Agenda de Cursos<\/strong><\/a> e verificar a disponibilidade de turmas e vagas.<\/p>\n\n\n\n<figure class=\"wp-block-gallery has-nested-images columns-default is-cropped wp-block-gallery-1 is-layout-flex wp-block-gallery-is-layout-flex\">\n<figure class=\"wp-block-image size-large\"><img loading=\"lazy\" decoding=\"async\" width=\"1024\" height=\"683\" data-id=\"20582\" src=\"https:\/\/sistemafamato.org.br\/senarmt\/wp-content\/uploads\/sites\/2\/2021\/11\/NAC-01.jpeg\" alt=\"\" class=\"wp-image-20582\" srcset=\"https:\/\/sistemafamato.org.br\/senarmt\/wp-content\/uploads\/sites\/2\/2021\/11\/NAC-01.jpeg 1024w, https:\/\/sistemafamato.org.br\/senarmt\/wp-content\/uploads\/sites\/2\/2021\/11\/NAC-01-300x200.jpeg 300w, https:\/\/sistemafamato.org.br\/senarmt\/wp-content\/uploads\/sites\/2\/2021\/11\/NAC-01-768x512.jpeg 768w\" sizes=\"auto, (max-width: 1024px) 100vw, 1024px\" \/><\/figure>\n\n\n\n<figure class=\"wp-block-image size-large\"><img loading=\"lazy\" decoding=\"async\" width=\"1024\" height=\"683\" data-id=\"20581\" src=\"https:\/\/sistemafamato.org.br\/senarmt\/wp-content\/uploads\/sites\/2\/2021\/11\/NAC-02.jpeg\" alt=\"\" class=\"wp-image-20581\" srcset=\"https:\/\/sistemafamato.org.br\/senarmt\/wp-content\/uploads\/sites\/2\/2021\/11\/NAC-02.jpeg 1024w, https:\/\/sistemafamato.org.br\/senarmt\/wp-content\/uploads\/sites\/2\/2021\/11\/NAC-02-300x200.jpeg 300w, https:\/\/sistemafamato.org.br\/senarmt\/wp-content\/uploads\/sites\/2\/2021\/11\/NAC-02-768x512.jpeg 768w\" sizes=\"auto, (max-width: 1024px) 100vw, 1024px\" \/><\/figure>\n\n\n\n<figure class=\"wp-block-image size-large\"><img loading=\"lazy\" decoding=\"async\" width=\"1024\" height=\"682\" data-id=\"20580\" src=\"https:\/\/sistemafamato.org.br\/senarmt\/wp-content\/uploads\/sites\/2\/2021\/11\/NAC-03.jpeg\" alt=\"\" class=\"wp-image-20580\" srcset=\"https:\/\/sistemafamato.org.br\/senarmt\/wp-content\/uploads\/sites\/2\/2021\/11\/NAC-03.jpeg 1024w, https:\/\/sistemafamato.org.br\/senarmt\/wp-content\/uploads\/sites\/2\/2021\/11\/NAC-03-300x200.jpeg 300w, https:\/\/sistemafamato.org.br\/senarmt\/wp-content\/uploads\/sites\/2\/2021\/11\/NAC-03-768x512.jpeg 768w\" sizes=\"auto, (max-width: 1024px) 100vw, 1024px\" \/><\/figure>\n\n\n\n<figure class=\"wp-block-image size-large\"><img loading=\"lazy\" decoding=\"async\" width=\"1024\" height=\"683\" data-id=\"20579\" src=\"https:\/\/sistemafamato.org.br\/senarmt\/wp-content\/uploads\/sites\/2\/2021\/11\/NAC-04.jpeg\" alt=\"\" class=\"wp-image-20579\" srcset=\"https:\/\/sistemafamato.org.br\/senarmt\/wp-content\/uploads\/sites\/2\/2021\/11\/NAC-04.jpeg 1024w, https:\/\/sistemafamato.org.br\/senarmt\/wp-content\/uploads\/sites\/2\/2021\/11\/NAC-04-300x200.jpeg 300w, https:\/\/sistemafamato.org.br\/senarmt\/wp-content\/uploads\/sites\/2\/2021\/11\/NAC-04-768x512.jpeg 768w\" sizes=\"auto, (max-width: 1024px) 100vw, 1024px\" \/><\/figure>\n\n\n\n<figure class=\"wp-block-image size-large\"><img loading=\"lazy\" decoding=\"async\" width=\"1024\" height=\"683\" data-id=\"20578\" src=\"https:\/\/sistemafamato.org.br\/senarmt\/wp-content\/uploads\/sites\/2\/2021\/11\/NAC-05.jpeg\" alt=\"\" class=\"wp-image-20578\" srcset=\"https:\/\/sistemafamato.org.br\/senarmt\/wp-content\/uploads\/sites\/2\/2021\/11\/NAC-05.jpeg 1024w, https:\/\/sistemafamato.org.br\/senarmt\/wp-content\/uploads\/sites\/2\/2021\/11\/NAC-05-300x200.jpeg 300w, https:\/\/sistemafamato.org.br\/senarmt\/wp-content\/uploads\/sites\/2\/2021\/11\/NAC-05-768x512.jpeg 768w\" sizes=\"auto, (max-width: 1024px) 100vw, 1024px\" \/><\/figure>\n\n\n\n<figure class=\"wp-block-image size-large\"><img loading=\"lazy\" decoding=\"async\" width=\"1024\" height=\"682\" data-id=\"20577\" src=\"https:\/\/sistemafamato.org.br\/senarmt\/wp-content\/uploads\/sites\/2\/2021\/11\/NAC-06.jpeg\" alt=\"\" class=\"wp-image-20577\" srcset=\"https:\/\/sistemafamato.org.br\/senarmt\/wp-content\/uploads\/sites\/2\/2021\/11\/NAC-06.jpeg 1024w, https:\/\/sistemafamato.org.br\/senarmt\/wp-content\/uploads\/sites\/2\/2021\/11\/NAC-06-300x200.jpeg 300w, https:\/\/sistemafamato.org.br\/senarmt\/wp-content\/uploads\/sites\/2\/2021\/11\/NAC-06-768x512.jpeg 768w\" sizes=\"auto, (max-width: 1024px) 100vw, 1024px\" \/><\/figure>\n<\/figure>\n","protected":false},"excerpt":{"rendered":"<p>N\u00daCLEO AVAN\u00c7ADO DE CAPACITA\u00c7\u00c3O Os N\u00facleos Avan\u00e7ados de Capacita\u00e7\u00e3o (NAC) s\u00e3o uma realiza\u00e7\u00e3o significativa resultante da parceria entre o Servi\u00e7o Nacional de Aprendizagem Rural (SENAR) e os Sindicatos Rurais. Esses n\u00facleos possuem uma estrutura abrangente, que inclui salas de aula, cozinha industrial, pequenos audit\u00f3rios em algumas unidades, salas administrativas e todo o equipamento necess\u00e1rio para [&hellip;]<\/p>\n","protected":false},"author":1,"featured_media":65,"parent":0,"menu_order":0,"comment_status":"closed","ping_status":"closed","template":"","meta":{"advgb_blocks_editor_width":"","advgb_blocks_columns_visual_guide":"","footnotes":""},"class_list":["post-78","page","type-page","status-publish","has-post-thumbnail","hentry"],"acf":[],"coauthors":[],"author_meta":{"author_link":"https:\/\/sistemafamato.org.br\/senarmt\/author\/siteadmin\/","display_name":"siteadmin"},"relative_dates":{"created":"Publicado 4 anos atr\u00e1s","modified":"Atualizado 1 ano atr\u00e1s"},"absolute_dates":{"created":"Publicado em 6 de novembro de 2021","modified":"Atualizado em 27 de novembro de 2024"},"absolute_dates_time":{"created":"Publicado em 6 de novembro de 2021 17:47","modified":"Atualizado em 27 de novembro de 2024 15:28"},"featured_img_caption":"","featured_img":"https:\/\/sistemafamato.org.br\/senarmt\/wp-content\/uploads\/sites\/2\/2021\/11\/topo-centro-treinamento.jpeg","series_order":"","_links":{"self":[{"href":"https:\/\/sistemafamato.org.br\/senarmt\/wp-json\/wp\/v2\/pages\/78","targetHints":{"allow":["GET"]}}],"collection":[{"href":"https:\/\/sistemafamato.org.br\/senarmt\/wp-json\/wp\/v2\/pages"}],"about":[{"href":"https:\/\/sistemafamato.org.br\/senarmt\/wp-json\/wp\/v2\/types\/page"}],"author":[{"embeddable":true,"href":"https:\/\/sistemafamato.org.br\/senarmt\/wp-json\/wp\/v2\/users\/1"}],"replies":[{"embeddable":true,"href":"https:\/\/sistemafamato.org.br\/senarmt\/wp-json\/wp\/v2\/comments?post=78"}],"version-history":[{"count":13,"href":"https:\/\/sistemafamato.org.br\/senarmt\/wp-json\/wp\/v2\/pages\/78\/revisions"}],"predecessor-version":[{"id":562840,"href":"https:\/\/sistemafamato.org.br\/senarmt\/wp-json\/wp\/v2\/pages\/78\/revisions\/562840"}],"wp:featuredmedia":[{"embeddable":true,"href":"https:\/\/sistemafamato.org.br\/senarmt\/wp-json\/wp\/v2\/media\/65"}],"wp:attachment":[{"href":"https:\/\/sistemafamato.org.br\/senarmt\/wp-json\/wp\/v2\/media?parent=78"}],"curies":[{"name":"wp","href":"https:\/\/api.w.org\/{rel}","templated":true}]}}