{"id":77646,"date":"2022-06-20T15:52:44","date_gmt":"2022-06-20T19:52:44","guid":{"rendered":"https:\/\/sistemafamato.org.br\/senarmt\/?page_id=77646"},"modified":"2023-01-19T09:08:34","modified_gmt":"2023-01-19T13:08:34","slug":"arrecadacao","status":"publish","type":"page","link":"https:\/\/sistemafamato.org.br\/senarmt\/arrecadacao\/","title":{"rendered":"Arrecada\u00e7\u00e3o"},"content":{"rendered":"\n<h1 class=\"sf-titulo wp-block-heading\">ARRECADA\u00c7\u00c3O<\/h1>\n\n\n\n<p>Para a realiza\u00e7\u00e3o das a\u00e7\u00f5es e atividades gratuitas e sujeitas \u00e0 Certifica\u00e7\u00e3o de ensino e aprendizagem de Forma\u00e7\u00e3o Profissional Rural (FPR) e Promo\u00e7\u00e3o Social (PS) da fam\u00edlia do Campo, al\u00e9m da realiza\u00e7\u00e3o de programas especiais, como a Assist\u00eancia T\u00e9cnica e Gerencial, o SENAR-AR\/MT tem como principal fonte de recursos financeiros a contribui\u00e7\u00e3o compuls\u00f3ria de Produtores Rurais PF e PJ, sobre a comercializa\u00e7\u00e3o de produtos agrosilvipastoris.<\/p>\n\n\n\n<p>Para saber mais sobre a Arrecada\u00e7\u00e3o acesse o link:&nbsp;<a href=\"https:\/\/www.cnabrasil.org.br\/arrecadacao\" target=\"_blank\" rel=\"noreferrer noopener\">https:\/\/www.cnabrasil.org.br\/arrecadacao<\/a><\/p>\n","protected":false},"excerpt":{"rendered":"<p>ARRECADA\u00c7\u00c3O Para a realiza\u00e7\u00e3o das a\u00e7\u00f5es e atividades gratuitas e sujeitas \u00e0 Certifica\u00e7\u00e3o de ensino e aprendizagem de Forma\u00e7\u00e3o Profissional Rural (FPR) e Promo\u00e7\u00e3o Social (PS) da fam\u00edlia do Campo, al\u00e9m da realiza\u00e7\u00e3o de programas especiais, como a Assist\u00eancia T\u00e9cnica e Gerencial, o SENAR-AR\/MT tem como principal fonte de recursos financeiros a contribui\u00e7\u00e3o compuls\u00f3ria de [&hellip;]<\/p>\n","protected":false},"author":1,"featured_media":141171,"parent":0,"menu_order":0,"comment_status":"closed","ping_status":"closed","template":"","meta":{"advgb_blocks_editor_width":"","advgb_blocks_columns_visual_guide":"","footnotes":""},"class_list":["post-77646","page","type-page","status-publish","has-post-thumbnail","hentry"],"acf":[],"coauthors":[],"author_meta":{"author_link":"https:\/\/sistemafamato.org.br\/senarmt\/author\/siteadmin\/","display_name":"siteadmin"},"relative_dates":{"created":"Publicado 4 anos atr\u00e1s","modified":"Atualizado 3 anos atr\u00e1s"},"absolute_dates":{"created":"Publicado em 20 de junho de 2022","modified":"Atualizado em 19 de janeiro de 2023"},"absolute_dates_time":{"created":"Publicado em 20 de junho de 2022 15:52","modified":"Atualizado em 19 de janeiro de 2023 09:08"},"featured_img_caption":"","featured_img":"https:\/\/sistemafamato.org.br\/senarmt\/wp-content\/uploads\/sites\/2\/2023\/01\/2022_06_10_Banner_Site_-_Arrecadacao_03-scaled.jpg","series_order":"","_links":{"self":[{"href":"https:\/\/sistemafamato.org.br\/senarmt\/wp-json\/wp\/v2\/pages\/77646","targetHints":{"allow":["GET"]}}],"collection":[{"href":"https:\/\/sistemafamato.org.br\/senarmt\/wp-json\/wp\/v2\/pages"}],"about":[{"href":"https:\/\/sistemafamato.org.br\/senarmt\/wp-json\/wp\/v2\/types\/page"}],"author":[{"embeddable":true,"href":"https:\/\/sistemafamato.org.br\/senarmt\/wp-json\/wp\/v2\/users\/1"}],"replies":[{"embeddable":true,"href":"https:\/\/sistemafamato.org.br\/senarmt\/wp-json\/wp\/v2\/comments?post=77646"}],"version-history":[{"count":5,"href":"https:\/\/sistemafamato.org.br\/senarmt\/wp-json\/wp\/v2\/pages\/77646\/revisions"}],"predecessor-version":[{"id":141172,"href":"https:\/\/sistemafamato.org.br\/senarmt\/wp-json\/wp\/v2\/pages\/77646\/revisions\/141172"}],"wp:featuredmedia":[{"embeddable":true,"href":"https:\/\/sistemafamato.org.br\/senarmt\/wp-json\/wp\/v2\/media\/141171"}],"wp:attachment":[{"href":"https:\/\/sistemafamato.org.br\/senarmt\/wp-json\/wp\/v2\/media?parent=77646"}],"curies":[{"name":"wp","href":"https:\/\/api.w.org\/{rel}","templated":true}]}}