{"id":7,"date":"2021-11-06T16:32:34","date_gmt":"2021-11-06T19:32:34","guid":{"rendered":"https:\/\/sistemafamato.org.br\/senarmt\/?page_id=7"},"modified":"2025-02-03T16:53:03","modified_gmt":"2025-02-03T20:53:03","slug":"quem-somos","status":"publish","type":"page","link":"https:\/\/sistemafamato.org.br\/senarmt\/quem-somos\/","title":{"rendered":"Quem Somos"},"content":{"rendered":"\n<h1 class=\"wp-block-heading sf-titulo\">SOBRE O SENAR<\/h1>\n\n\n\n<p>Somos uma institui\u00e7\u00e3o de <strong>Ensino Rural<\/strong>, integrante do Sistema S, voltada para produtores, trabalhadores rurais e seus familiares. Por meio de <strong>treinamentos<\/strong> e <strong>capacita\u00e7\u00f5es<\/strong>, procuramos mant\u00ea-los em sintonia com as exig\u00eancias do mercado de trabalho, oferecendo oportunidade para especializa\u00e7\u00e3o e qualifica\u00e7\u00e3o em diferentes \u00e1reas.<\/p>\n\n\n\n<p>Hoje, atuamos em v\u00e1rias frentes: <strong>Forma\u00e7\u00e3o Profissional Rural<\/strong> (FPR), <strong>Promo\u00e7\u00e3o Social<\/strong> (PS), <strong>Assist\u00eancia T\u00e9cnica e Gerencial <\/strong>(ATeG), e <strong>Educa\u00e7\u00e3o Formal<\/strong>.<\/p>\n\n\n\n<p>Nosso portf\u00f3lio conta com diversos <strong>treinamentos que atendem as<\/strong> <strong>principais cadeias produtivas de Mato Grosso<\/strong>: Produ\u00e7\u00e3o Agr\u00edcola, Produ\u00e7\u00e3o Animal, Sistemas Agroflorestais, Gest\u00e3o, Sa\u00fade e Seguran\u00e7a do Trabalhador e Apoio \u00e0 Comunidade Rural.<\/p>\n\n\n\n<p>Nossa estrutura conta com os <strong>CTs &#8211; Centros de Treinamento <\/strong>localizados em Rondon\u00f3polis, Campo Novo do Parecis e Sorriso &#8211; equipados para aulas pr\u00e1ticas com o que h\u00e1 de mais moderno no mercado, e os <strong>NACs &#8211; N\u00facleos Avan\u00e7ados de Capacita\u00e7\u00e3o<\/strong> que d\u00e3o suporte e infraestrutura aos cursos e treinamentos da entidade. Al\u00e9m da <strong>Escola Agr\u00edcola Ranch\u00e3o<\/strong>, em Nova Mutum, e do <strong>Centro de Excel\u00eancia em Gr\u00e3os, Fibras e Oleaginosas<\/strong> que est\u00e1 na fase de constru\u00e7\u00e3o, em Tangar\u00e1 da Serra.<\/p>\n\n\n\n<p>Tamb\u00e9m percorremos o estado ofertando servi\u00e7os b\u00e1sicos de <strong>cidadania, sa\u00fade e entretenimento<\/strong> para milhares de pessoas com os programas sociais: Mutir\u00e3o Rural, Cine Senar e Equoterapia.<\/p>\n\n\n\n<p>S\u00e3o mais de <strong>30 anos de atua\u00e7\u00e3o<\/strong> transformando a contribui\u00e7\u00e3o que recebemos dos produtores rurais em m\u00e3o de obra qualificada, produtividade, rentabilidade e muitos outros benef\u00edcios.<\/p>\n\n\n\n<p>\u00c9 pelas m\u00e3os deles que todos esses servi\u00e7os chegam gratuitos at\u00e9 voc\u00ea. Sim! <strong>S\u00e3o os recursos do produtor que transformam o campo e a cidade<\/strong>.<\/p>\n\n\n\n<p><\/p>\n\n\n\n<p><\/p>\n\n\n\n<p><\/p>\n\n\n\n<p><strong>NOSSOS PARCEIROS<\/strong><\/p>\n\n\n\n<p>Para que possamos cumprir nossa miss\u00e3o, nossos grandes parceiros na realiza\u00e7\u00e3o dos treinamentos s\u00e3o os <strong>95 Sindicatos Rurais<\/strong> e os <strong>instrutores e t\u00e9cnicos de campo credenciados<\/strong> que prestam um excelente servi\u00e7o levando conhecimento de ponta a ponta em Mato Grosso. Contamos ainda com apoio de prefeituras, associa\u00e7\u00f5es de produtores, universidades, \u00f3rg\u00e3os estaduais e federais, dentre outros.<\/p>\n\n\n\n<p>Com a parceira de todos conseguimos estar dentro da propriedade rural, capacitando e transformando a vida de homens e mulheres do campo.<\/p>\n\n\n\n<div style=\"height:20px\" aria-hidden=\"true\" class=\"wp-block-spacer\"><\/div>\n\n\n\n<div class=\"wp-block-columns is-layout-flex wp-container-core-columns-is-layout-9d6595d7 wp-block-columns-is-layout-flex\">\n<div class=\"wp-block-column is-layout-flow wp-block-column-is-layout-flow\"><div class=\"wp-block-image\">\n<figure class=\"aligncenter size-full\"><img loading=\"lazy\" decoding=\"async\" width=\"150\" height=\"150\" src=\"https:\/\/sistemafamato.org.br\/senarmt\/wp-content\/uploads\/sites\/2\/2021\/11\/Icones-Missao-Chapado-150x150-1.png\" alt=\"\" class=\"wp-image-12\"\/><\/figure><\/div>\n\n\n<h2 class=\"wp-block-heading has-text-align-center\">Miss\u00e3o<\/h2>\n\n\n\n<p class=\"has-text-align-center\">\u201cPromover o desenvolvimento profissional e social, agregando valor para o meio rural com solu\u00e7\u00f5es inovadoras e integradas atendendo as demandas contempor\u00e2neas do mercado\u201d.<\/p>\n<\/div>\n\n\n\n<div class=\"wp-block-column is-layout-flow wp-block-column-is-layout-flow\"><div class=\"wp-block-image\">\n<figure class=\"aligncenter size-full\"><img loading=\"lazy\" decoding=\"async\" width=\"150\" height=\"150\" src=\"https:\/\/sistemafamato.org.br\/senarmt\/wp-content\/uploads\/sites\/2\/2021\/11\/Icones-Visao-Chapado-150x150-1.png\" alt=\"\" class=\"wp-image-14\"\/><\/figure><\/div>\n\n\n<h2 class=\"wp-block-heading has-text-align-center\">Vis\u00e3o<\/h2>\n\n\n\n<p class=\"has-text-align-center\">\u201cSer reconhecido com a entidade que conecta as melhores solu\u00e7\u00f5es educacionais, sociais e assist\u00eancia t\u00e9cnica para o desenvolvimento rural sustent\u00e1vel do estado de Mato Grosso\u201d.<\/p>\n<\/div>\n\n\n\n<div class=\"wp-block-column is-layout-flow wp-block-column-is-layout-flow\"><div class=\"wp-block-image\">\n<figure class=\"aligncenter size-full\"><img loading=\"lazy\" decoding=\"async\" width=\"150\" height=\"150\" src=\"https:\/\/sistemafamato.org.br\/senarmt\/wp-content\/uploads\/sites\/2\/2021\/11\/Icones-Valores-Chapado-150x150-1.png\" alt=\"\" class=\"wp-image-13\"\/><\/figure><\/div>\n\n\n<h2 class=\"wp-block-heading has-text-align-center\">Valores<\/h2>\n\n\n\n<p class=\"has-text-align-center\">\u201cEsp\u00edrito de equipe, paix\u00e3o por educar, comportamento \u00e9tico, ra\u00edzes no agro, inova\u00e7\u00e3o, gera\u00e7\u00e3o de valor e foco no ser humano\u201d.<\/p>\n<\/div>\n<\/div>\n\n\n\n<div style=\"height:20px\" aria-hidden=\"true\" class=\"wp-block-spacer\"><\/div>\n","protected":false},"excerpt":{"rendered":"<p>SOBRE O SENAR Somos uma institui\u00e7\u00e3o de Ensino Rural, integrante do Sistema S, voltada para produtores, trabalhadores rurais e seus familiares. Por meio de treinamentos e capacita\u00e7\u00f5es, procuramos mant\u00ea-los em sintonia com as exig\u00eancias do mercado de trabalho, oferecendo oportunidade para especializa\u00e7\u00e3o e qualifica\u00e7\u00e3o em diferentes \u00e1reas. Hoje, atuamos em v\u00e1rias frentes: Forma\u00e7\u00e3o Profissional Rural [&hellip;]<\/p>\n","protected":false},"author":1,"featured_media":6,"parent":0,"menu_order":0,"comment_status":"closed","ping_status":"closed","template":"","meta":{"advgb_blocks_editor_width":"","advgb_blocks_columns_visual_guide":"","footnotes":""},"class_list":["post-7","page","type-page","status-publish","has-post-thumbnail","hentry"],"acf":[],"coauthors":[],"author_meta":{"author_link":"https:\/\/sistemafamato.org.br\/senarmt\/author\/siteadmin\/","display_name":"siteadmin"},"relative_dates":{"created":"Publicado 4 anos atr\u00e1s","modified":"Atualizado 1 ano atr\u00e1s"},"absolute_dates":{"created":"Publicado em 6 de novembro de 2021","modified":"Atualizado em 3 de fevereiro de 2025"},"absolute_dates_time":{"created":"Publicado em 6 de novembro de 2021 16:32","modified":"Atualizado em 3 de fevereiro de 2025 16:53"},"featured_img_caption":"","featured_img":"https:\/\/sistemafamato.org.br\/senarmt\/wp-content\/uploads\/sites\/2\/2021\/11\/topo-quem-somos.jpeg","series_order":"","_links":{"self":[{"href":"https:\/\/sistemafamato.org.br\/senarmt\/wp-json\/wp\/v2\/pages\/7","targetHints":{"allow":["GET"]}}],"collection":[{"href":"https:\/\/sistemafamato.org.br\/senarmt\/wp-json\/wp\/v2\/pages"}],"about":[{"href":"https:\/\/sistemafamato.org.br\/senarmt\/wp-json\/wp\/v2\/types\/page"}],"author":[{"embeddable":true,"href":"https:\/\/sistemafamato.org.br\/senarmt\/wp-json\/wp\/v2\/users\/1"}],"replies":[{"embeddable":true,"href":"https:\/\/sistemafamato.org.br\/senarmt\/wp-json\/wp\/v2\/comments?post=7"}],"version-history":[{"count":19,"href":"https:\/\/sistemafamato.org.br\/senarmt\/wp-json\/wp\/v2\/pages\/7\/revisions"}],"predecessor-version":[{"id":563408,"href":"https:\/\/sistemafamato.org.br\/senarmt\/wp-json\/wp\/v2\/pages\/7\/revisions\/563408"}],"wp:featuredmedia":[{"embeddable":true,"href":"https:\/\/sistemafamato.org.br\/senarmt\/wp-json\/wp\/v2\/media\/6"}],"wp:attachment":[{"href":"https:\/\/sistemafamato.org.br\/senarmt\/wp-json\/wp\/v2\/media?parent=7"}],"curies":[{"name":"wp","href":"https:\/\/api.w.org\/{rel}","templated":true}]}}