{"id":63,"date":"2021-11-06T17:36:32","date_gmt":"2021-11-06T20:36:32","guid":{"rendered":"https:\/\/sistemafamato.org.br\/senarmt\/?page_id=63"},"modified":"2024-06-04T11:31:51","modified_gmt":"2024-06-04T15:31:51","slug":"centros-de-treinamentos","status":"publish","type":"page","link":"https:\/\/sistemafamato.org.br\/senarmt\/centros-de-treinamentos\/","title":{"rendered":"Centros de Treinamentos"},"content":{"rendered":"\n<h1 class=\"wp-block-heading sf-titulo\">CENTROS DE TREINAMENTOS<\/h1>\n\n\n\n<div style=\"height:20px\" aria-hidden=\"true\" class=\"wp-block-spacer\"><\/div>\n\n\n\n<p>Os Centros de Treinamentos (CTs) nasceram da parceria entre o Senar-MT, empresas privadas e Sindicatos Rurais para forma\u00e7\u00e3o de m\u00e3o de obra e difus\u00e3o de tecnologias. Os treinamentos s\u00e3o com aulas pr\u00e1ticas e est\u00e3o equipados com o que h\u00e1 de mais moderno, quando o assunto \u00e9 m\u00e1quinas, implementos agr\u00edcolas e inova\u00e7\u00e3o tecnol\u00f3gica. Os centros s\u00e3o equipados com laborat\u00f3rio de inform\u00e1tica, oficinas com os mais variados tipos de ferramentas, alojamentos, refeit\u00f3rio e v\u00e1rios espa\u00e7os para as aulas te\u00f3ricas e pr\u00e1ticas.<\/p>\n\n\n\n<p>Nos CTs os participantes t\u00eam a oportunidade de estar em contato com as novas tecnologias do setor, conhecendo de perto os equipamentos mais modernos que o mercado oferece. As empresas privadas (revendas e f\u00e1bricas) cedem os equipamentos, hoje s\u00e3o mais de 40 parcerias com diferentes marcas nacionais e internacionais.<\/p>\n\n\n\n<p>Hoje, temos 3 estruturas em funcionamento nos munic\u00edpios de Rondon\u00f3polis, Campo Novo do Parecis e Sorriso e o objetivo \u00e9 atender todo o estado de Mato Grosso.<\/p>\n\n\n\n<p>Hoje, qualquer sindicato pode solicitar a estrutura dos CTs para realiza\u00e7\u00e3o de treinamentos, a expans\u00e3o nos atendimentos visa levar a pr\u00e1tica para todos os cantos de Mato Grosso.<\/p>\n\n\n\n<div style=\"height:20px\" aria-hidden=\"true\" class=\"wp-block-spacer\"><\/div>\n\n\n\n<figure class=\"wp-block-gallery has-nested-images columns-default is-cropped wp-block-gallery-1 is-layout-flex wp-block-gallery-is-layout-flex\">\n<figure class=\"wp-block-image size-large\"><img loading=\"lazy\" decoding=\"async\" width=\"768\" height=\"512\" data-id=\"70\" src=\"https:\/\/sistemafamato.org.br\/senarmt\/wp-content\/uploads\/sites\/2\/2021\/11\/img-ct-02.jpeg\" alt=\"\" class=\"wp-image-70\" srcset=\"https:\/\/sistemafamato.org.br\/senarmt\/wp-content\/uploads\/sites\/2\/2021\/11\/img-ct-02.jpeg 768w, https:\/\/sistemafamato.org.br\/senarmt\/wp-content\/uploads\/sites\/2\/2021\/11\/img-ct-02-300x200.jpeg 300w\" sizes=\"auto, (max-width: 768px) 100vw, 768px\" \/><\/figure>\n\n\n\n<figure class=\"wp-block-image size-large\"><img loading=\"lazy\" decoding=\"async\" width=\"768\" height=\"512\" data-id=\"72\" src=\"https:\/\/sistemafamato.org.br\/senarmt\/wp-content\/uploads\/sites\/2\/2021\/11\/img-ct-04.jpeg\" alt=\"\" class=\"wp-image-72\" srcset=\"https:\/\/sistemafamato.org.br\/senarmt\/wp-content\/uploads\/sites\/2\/2021\/11\/img-ct-04.jpeg 768w, https:\/\/sistemafamato.org.br\/senarmt\/wp-content\/uploads\/sites\/2\/2021\/11\/img-ct-04-300x200.jpeg 300w\" sizes=\"auto, (max-width: 768px) 100vw, 768px\" \/><\/figure>\n\n\n\n<figure class=\"wp-block-image size-large\"><img loading=\"lazy\" decoding=\"async\" width=\"768\" height=\"512\" data-id=\"71\" src=\"https:\/\/sistemafamato.org.br\/senarmt\/wp-content\/uploads\/sites\/2\/2021\/11\/img-ct-03.jpeg\" alt=\"\" class=\"wp-image-71\" srcset=\"https:\/\/sistemafamato.org.br\/senarmt\/wp-content\/uploads\/sites\/2\/2021\/11\/img-ct-03.jpeg 768w, https:\/\/sistemafamato.org.br\/senarmt\/wp-content\/uploads\/sites\/2\/2021\/11\/img-ct-03-300x200.jpeg 300w\" sizes=\"auto, (max-width: 768px) 100vw, 768px\" \/><\/figure>\n\n\n\n<figure class=\"wp-block-image size-large\"><img loading=\"lazy\" decoding=\"async\" width=\"768\" height=\"576\" data-id=\"74\" src=\"https:\/\/sistemafamato.org.br\/senarmt\/wp-content\/uploads\/sites\/2\/2021\/11\/img-ct-06.jpeg\" alt=\"\" class=\"wp-image-74\" srcset=\"https:\/\/sistemafamato.org.br\/senarmt\/wp-content\/uploads\/sites\/2\/2021\/11\/img-ct-06.jpeg 768w, https:\/\/sistemafamato.org.br\/senarmt\/wp-content\/uploads\/sites\/2\/2021\/11\/img-ct-06-300x225.jpeg 300w\" sizes=\"auto, (max-width: 768px) 100vw, 768px\" \/><\/figure>\n\n\n\n<figure class=\"wp-block-image size-large\"><img loading=\"lazy\" decoding=\"async\" width=\"768\" height=\"512\" data-id=\"73\" src=\"https:\/\/sistemafamato.org.br\/senarmt\/wp-content\/uploads\/sites\/2\/2021\/11\/img-ct-05.jpeg\" alt=\"\" class=\"wp-image-73\" srcset=\"https:\/\/sistemafamato.org.br\/senarmt\/wp-content\/uploads\/sites\/2\/2021\/11\/img-ct-05.jpeg 768w, https:\/\/sistemafamato.org.br\/senarmt\/wp-content\/uploads\/sites\/2\/2021\/11\/img-ct-05-300x200.jpeg 300w\" sizes=\"auto, (max-width: 768px) 100vw, 768px\" \/><\/figure>\n\n\n\n<figure class=\"wp-block-image size-large\"><img loading=\"lazy\" decoding=\"async\" width=\"768\" height=\"547\" data-id=\"69\" src=\"https:\/\/sistemafamato.org.br\/senarmt\/wp-content\/uploads\/sites\/2\/2021\/11\/img-ct-01.jpeg\" alt=\"\" class=\"wp-image-69\" srcset=\"https:\/\/sistemafamato.org.br\/senarmt\/wp-content\/uploads\/sites\/2\/2021\/11\/img-ct-01.jpeg 768w, https:\/\/sistemafamato.org.br\/senarmt\/wp-content\/uploads\/sites\/2\/2021\/11\/img-ct-01-300x214.jpeg 300w\" sizes=\"auto, (max-width: 768px) 100vw, 768px\" \/><\/figure>\n<\/figure>\n\n\n\n<div style=\"height:20px\" aria-hidden=\"true\" class=\"wp-block-spacer\"><\/div>\n\n\n\n<h2 class=\"wp-block-heading\">TREINAMENTOS OFERECIDOS<\/h2>\n\n\n\n<div style=\"height:20px\" aria-hidden=\"true\" class=\"wp-block-spacer\"><\/div>\n\n\n\n<p>As pessoas interessadas em fazer cursos e treinamentos ofertados pelo Senar-MT&nbsp;&nbsp;devem procurar o Sindicato Rural de seu&nbsp;munic\u00edpio ou entrar na&nbsp;<strong><a href=\"https:\/\/sistemafamato.org.br\/senarmt\/nossos-cursos\/\" target=\"_blank\" rel=\"noreferrer noopener\"><span class=\"has-inline-color has-black-color\">Agenda de Cursos<\/span><\/a><\/strong><a rel=\"noreferrer noopener\" href=\"https:\/\/site.senarmt.org.br\/senarmt\/nossos-cursos\/\" target=\"_blank\">&nbsp;<\/a>e verificar a disponibilidade de turmas e vagas.<\/p>\n","protected":false},"excerpt":{"rendered":"<p>CENTROS DE TREINAMENTOS Os Centros de Treinamentos (CTs) nasceram da parceria entre o Senar-MT, empresas privadas e Sindicatos Rurais para forma\u00e7\u00e3o de m\u00e3o de obra e difus\u00e3o de tecnologias. Os treinamentos s\u00e3o com aulas pr\u00e1ticas e est\u00e3o equipados com o que h\u00e1 de mais moderno, quando o assunto \u00e9 m\u00e1quinas, implementos agr\u00edcolas e inova\u00e7\u00e3o tecnol\u00f3gica. [&hellip;]<\/p>\n","protected":false},"author":1,"featured_media":65,"parent":0,"menu_order":0,"comment_status":"closed","ping_status":"closed","template":"","meta":{"advgb_blocks_editor_width":"","advgb_blocks_columns_visual_guide":"","footnotes":""},"class_list":["post-63","page","type-page","status-publish","has-post-thumbnail","hentry"],"acf":[],"coauthors":[],"author_meta":{"author_link":"https:\/\/sistemafamato.org.br\/senarmt\/author\/siteadmin\/","display_name":"siteadmin"},"relative_dates":{"created":"Publicado 4 anos atr\u00e1s","modified":"Atualizado 2 anos atr\u00e1s"},"absolute_dates":{"created":"Publicado em 6 de novembro de 2021","modified":"Atualizado em 4 de junho de 2024"},"absolute_dates_time":{"created":"Publicado em 6 de novembro de 2021 17:36","modified":"Atualizado em 4 de junho de 2024 11:31"},"featured_img_caption":"","featured_img":"https:\/\/sistemafamato.org.br\/senarmt\/wp-content\/uploads\/sites\/2\/2021\/11\/topo-centro-treinamento.jpeg","series_order":"","_links":{"self":[{"href":"https:\/\/sistemafamato.org.br\/senarmt\/wp-json\/wp\/v2\/pages\/63","targetHints":{"allow":["GET"]}}],"collection":[{"href":"https:\/\/sistemafamato.org.br\/senarmt\/wp-json\/wp\/v2\/pages"}],"about":[{"href":"https:\/\/sistemafamato.org.br\/senarmt\/wp-json\/wp\/v2\/types\/page"}],"author":[{"embeddable":true,"href":"https:\/\/sistemafamato.org.br\/senarmt\/wp-json\/wp\/v2\/users\/1"}],"replies":[{"embeddable":true,"href":"https:\/\/sistemafamato.org.br\/senarmt\/wp-json\/wp\/v2\/comments?post=63"}],"version-history":[{"count":11,"href":"https:\/\/sistemafamato.org.br\/senarmt\/wp-json\/wp\/v2\/pages\/63\/revisions"}],"predecessor-version":[{"id":537177,"href":"https:\/\/sistemafamato.org.br\/senarmt\/wp-json\/wp\/v2\/pages\/63\/revisions\/537177"}],"wp:featuredmedia":[{"embeddable":true,"href":"https:\/\/sistemafamato.org.br\/senarmt\/wp-json\/wp\/v2\/media\/65"}],"wp:attachment":[{"href":"https:\/\/sistemafamato.org.br\/senarmt\/wp-json\/wp\/v2\/media?parent=63"}],"curies":[{"name":"wp","href":"https:\/\/api.w.org\/{rel}","templated":true}]}}