{"id":32742,"date":"2022-03-18T10:40:23","date_gmt":"2022-03-18T14:40:23","guid":{"rendered":"https:\/\/sistemafamato.org.br\/senarmt\/?page_id=32742"},"modified":"2022-04-19T14:39:40","modified_gmt":"2022-04-19T18:39:40","slug":"lei-geral-de-protecao-de-dados","status":"publish","type":"page","link":"https:\/\/sistemafamato.org.br\/senarmt\/lei-geral-de-protecao-de-dados\/","title":{"rendered":"Lei Geral de Prote\u00e7\u00e3o de Dados"},"content":{"rendered":"\n<h1 class=\"sf-titulo wp-block-heading\">Lei Geral de Prote\u00e7\u00e3o de Dados<\/h1>\n\n\n\n<figure class=\"wp-block-image alignwide size-large\"><img loading=\"lazy\" decoding=\"async\" width=\"1024\" height=\"265\" src=\"https:\/\/sistemafamato.org.br\/senarmt\/wp-content\/uploads\/sites\/2\/2022\/03\/2022_03_16_Banner-LGPD-Texto-1-1024x265.png\" alt=\"\" class=\"wp-image-32744\" srcset=\"https:\/\/sistemafamato.org.br\/senarmt\/wp-content\/uploads\/sites\/2\/2022\/03\/2022_03_16_Banner-LGPD-Texto-1-1024x265.png 1024w, https:\/\/sistemafamato.org.br\/senarmt\/wp-content\/uploads\/sites\/2\/2022\/03\/2022_03_16_Banner-LGPD-Texto-1-300x78.png 300w, https:\/\/sistemafamato.org.br\/senarmt\/wp-content\/uploads\/sites\/2\/2022\/03\/2022_03_16_Banner-LGPD-Texto-1-768x199.png 768w, https:\/\/sistemafamato.org.br\/senarmt\/wp-content\/uploads\/sites\/2\/2022\/03\/2022_03_16_Banner-LGPD-Texto-1.png 1350w\" sizes=\"auto, (max-width: 1024px) 100vw, 1024px\" \/><\/figure>\n\n\n\n<h2 class=\"sf-subtitulo wp-block-heading\">Ol\u00e1! Bem-vindo(a)!<\/h2>\n\n\n\n<p>Esse canal foi criado exclusivamente para recebermos as suas solicita\u00e7\u00f5es quanto ao tratamento de seus dados pessoais realizado pelo&nbsp;<strong>SENAR-MT.<\/strong><\/p>\n\n\n\n<p>Assim, se voc\u00ea \u00e9 o titular dos dados, ou seu representante legal, basta enviar um e-mail para o endere\u00e7o abaixo e em breve voc\u00ea vai receber o retorno.<\/p>\n\n\n\n<p class=\"has-text-align-center has-white-color has-text-color has-background has-medium-font-size\" style=\"background-color:#147b2b\">Para tratar de assuntos relacionados a Prote\u00e7\u00e3o e Privacidade de Dados Pessoais enviar e-mail para: <strong><a href=\"mailto:protecao.dados@senarmt.org.br\" style=\"color:white;\">protecao.dados@senarmt.org.br<\/a><\/strong>.<\/p>\n\n\n\n<p>Conhe\u00e7a tamb\u00e9m o <a href=\"https:\/\/www.cnabrasil.org.br\/glossario-lgpd\" target=\"_blank\" rel=\"noreferrer noopener\">Gloss\u00e1rio LGPD<\/a>, <a href=\"https:\/\/sistemafamato.org.br\/senarmt\/politica-de-privacidade\/\" target=\"_blank\" rel=\"noreferrer noopener\">nossa Politica de Privacidade<\/a> e desvende os termos mais comuns utilizados na <a href=\"http:\/\/www.planalto.gov.br\/ccivil_03\/_ato2015-2018\/2018\/lei\/L13709compilado.htm\" target=\"_blank\" rel=\"noreferrer noopener\">Lei Geral de Prote\u00e7\u00e3o de Dados Pessoais<\/a>.<\/p>\n\n\n\n<p>Se sua quest\u00e3o&nbsp;<strong>n\u00e3o<\/strong>&nbsp;for relativa \u00e0 LGPD, tudo bem. Acesse o&nbsp;<a href=\"https:\/\/sistemafamato.org.br\/senarmt\/fale-conosco\" target=\"_blank\" rel=\"noreferrer noopener\">Fale Conosco<\/a>: nossas equipes est\u00e3o prontas para atend\u00ea-lo(a)!<\/p>\n","protected":false},"excerpt":{"rendered":"<p>Lei Geral de Prote\u00e7\u00e3o de Dados Ol\u00e1! Bem-vindo(a)! Esse canal foi criado exclusivamente para recebermos as suas solicita\u00e7\u00f5es quanto ao tratamento de seus dados pessoais realizado pelo&nbsp;SENAR-MT. Assim, se voc\u00ea \u00e9 o titular dos dados, ou seu representante legal, basta enviar um e-mail para o endere\u00e7o abaixo e em breve voc\u00ea vai receber o retorno. [&hellip;]<\/p>\n","protected":false},"author":1,"featured_media":32745,"parent":0,"menu_order":0,"comment_status":"closed","ping_status":"closed","template":"","meta":{"advgb_blocks_editor_width":"","advgb_blocks_columns_visual_guide":"","footnotes":""},"class_list":["post-32742","page","type-page","status-publish","has-post-thumbnail","hentry"],"acf":[],"coauthors":[],"author_meta":{"author_link":"https:\/\/sistemafamato.org.br\/senarmt\/author\/siteadmin\/","display_name":"siteadmin"},"relative_dates":{"created":"Publicado 4 anos atr\u00e1s","modified":"Atualizado 4 anos atr\u00e1s"},"absolute_dates":{"created":"Publicado em 18 de mar\u00e7o de 2022","modified":"Atualizado em 19 de abril de 2022"},"absolute_dates_time":{"created":"Publicado em 18 de mar\u00e7o de 2022 10:40","modified":"Atualizado em 19 de abril de 2022 14:39"},"featured_img_caption":"","featured_img":"https:\/\/sistemafamato.org.br\/senarmt\/wp-content\/uploads\/sites\/2\/2022\/03\/2022_03_16_Banner-Topo-LGPD.png","series_order":"","_links":{"self":[{"href":"https:\/\/sistemafamato.org.br\/senarmt\/wp-json\/wp\/v2\/pages\/32742","targetHints":{"allow":["GET"]}}],"collection":[{"href":"https:\/\/sistemafamato.org.br\/senarmt\/wp-json\/wp\/v2\/pages"}],"about":[{"href":"https:\/\/sistemafamato.org.br\/senarmt\/wp-json\/wp\/v2\/types\/page"}],"author":[{"embeddable":true,"href":"https:\/\/sistemafamato.org.br\/senarmt\/wp-json\/wp\/v2\/users\/1"}],"replies":[{"embeddable":true,"href":"https:\/\/sistemafamato.org.br\/senarmt\/wp-json\/wp\/v2\/comments?post=32742"}],"version-history":[{"count":3,"href":"https:\/\/sistemafamato.org.br\/senarmt\/wp-json\/wp\/v2\/pages\/32742\/revisions"}],"predecessor-version":[{"id":37782,"href":"https:\/\/sistemafamato.org.br\/senarmt\/wp-json\/wp\/v2\/pages\/32742\/revisions\/37782"}],"wp:featuredmedia":[{"embeddable":true,"href":"https:\/\/sistemafamato.org.br\/senarmt\/wp-json\/wp\/v2\/media\/32745"}],"wp:attachment":[{"href":"https:\/\/sistemafamato.org.br\/senarmt\/wp-json\/wp\/v2\/media?parent=32742"}],"curies":[{"name":"wp","href":"https:\/\/api.w.org\/{rel}","templated":true}]}}