{"id":32511,"date":"2022-03-03T01:29:31","date_gmt":"2022-03-03T05:29:31","guid":{"rendered":"https:\/\/sistemafamato.org.br\/senarmt\/?page_id=32511"},"modified":"2022-03-03T01:29:31","modified_gmt":"2022-03-03T05:29:31","slug":"nossa-agenda","status":"publish","type":"page","link":"https:\/\/sistemafamato.org.br\/senarmt\/nossa-agenda\/","title":{"rendered":"Nossa Agenda"},"content":{"rendered":"","protected":false},"excerpt":{"rendered":"","protected":false},"author":1,"featured_media":61,"parent":0,"menu_order":0,"comment_status":"closed","ping_status":"closed","template":"","meta":{"advgb_blocks_editor_width":"","advgb_blocks_columns_visual_guide":"","footnotes":""},"class_list":["post-32511","page","type-page","status-publish","has-post-thumbnail","hentry"],"acf":[],"coauthors":[],"author_meta":{"author_link":"https:\/\/sistemafamato.org.br\/senarmt\/author\/siteadmin\/","display_name":"siteadmin"},"relative_dates":{"created":"Publicado 4 anos atr\u00e1s","modified":"Atualizado 4 anos atr\u00e1s"},"absolute_dates":{"created":"Publicado em 3 de mar\u00e7o de 2022","modified":"Atualizado em 3 de mar\u00e7o de 2022"},"absolute_dates_time":{"created":"Publicado em 3 de mar\u00e7o de 2022 01:29","modified":"Atualizado em 3 de mar\u00e7o de 2022 01:29"},"featured_img_caption":"","featured_img":"https:\/\/sistemafamato.org.br\/senarmt\/wp-content\/uploads\/sites\/2\/2021\/11\/topo-nossos-cursos.jpeg","series_order":"","_links":{"self":[{"href":"https:\/\/sistemafamato.org.br\/senarmt\/wp-json\/wp\/v2\/pages\/32511","targetHints":{"allow":["GET"]}}],"collection":[{"href":"https:\/\/sistemafamato.org.br\/senarmt\/wp-json\/wp\/v2\/pages"}],"about":[{"href":"https:\/\/sistemafamato.org.br\/senarmt\/wp-json\/wp\/v2\/types\/page"}],"author":[{"embeddable":true,"href":"https:\/\/sistemafamato.org.br\/senarmt\/wp-json\/wp\/v2\/users\/1"}],"replies":[{"embeddable":true,"href":"https:\/\/sistemafamato.org.br\/senarmt\/wp-json\/wp\/v2\/comments?post=32511"}],"version-history":[{"count":1,"href":"https:\/\/sistemafamato.org.br\/senarmt\/wp-json\/wp\/v2\/pages\/32511\/revisions"}],"predecessor-version":[{"id":32512,"href":"https:\/\/sistemafamato.org.br\/senarmt\/wp-json\/wp\/v2\/pages\/32511\/revisions\/32512"}],"wp:featuredmedia":[{"embeddable":true,"href":"https:\/\/sistemafamato.org.br\/senarmt\/wp-json\/wp\/v2\/media\/61"}],"wp:attachment":[{"href":"https:\/\/sistemafamato.org.br\/senarmt\/wp-json\/wp\/v2\/media?parent=32511"}],"curies":[{"name":"wp","href":"https:\/\/api.w.org\/{rel}","templated":true}]}}