{"id":32,"date":"2021-11-06T16:52:37","date_gmt":"2021-11-06T19:52:37","guid":{"rendered":"https:\/\/sistemafamato.org.br\/senarmt\/?page_id=32"},"modified":"2024-12-11T08:42:50","modified_gmt":"2024-12-11T12:42:50","slug":"legislacao","status":"publish","type":"page","link":"https:\/\/sistemafamato.org.br\/senarmt\/legislacao\/","title":{"rendered":"Legisla\u00e7\u00e3o"},"content":{"rendered":"\n<h1 class=\"wp-block-heading sf-titulo\">LEGISLA\u00c7\u00c3O<\/h1>\n\n\n\n<div style=\"height:20px\" aria-hidden=\"true\" class=\"wp-block-spacer\"><\/div>\n\n\n\n<h2 class=\"wp-block-heading\"><span style=\"background-color:rgba(0, 0, 0, 0);color:#14521d\" class=\"has-inline-color\">1<\/span>. <span style=\"background-color:rgba(0, 0, 0, 0);color:#14521d\" class=\"has-inline-color\">Atos Constitutivos do Senar<\/span><\/h2>\n\n\n\n<p class=\"has-black-color has-text-color\"><a href=\"https:\/\/sistemafamato.org.br\/senarmt\/wp-content\/uploads\/sites\/2\/2021\/11\/LEI-8315.1991-LEI-CRIACAO-SENAR.pdf\" data-type=\"URL\" target=\"_blank\" rel=\"noreferrer noopener\"><strong>1.1. Lei n\u00ba 8.315\/91<\/strong> \u2013 Lei de cria\u00e7\u00e3o do SENAR.<\/a><\/p>\n\n\n\n<p class=\"has-black-color has-text-color\"><a rel=\"noreferrer noopener\" href=\"https:\/\/sistemafamato.org.br\/senarmt\/wp-content\/uploads\/sites\/2\/2021\/11\/DECRETO-566.1992-REGULAMENTA-O-FUNCIONAMENTO-DO-SENAR.pdf\" data-type=\"URL\" data-id=\"https:\/\/sistemafamato.org.br\/senarmt\/wp-content\/uploads\/sites\/2\/2021\/11\/DECRETO-566.1992-REGULAMENTA-O-FUNCIONAMENTO-DO-SENAR.pdf\" target=\"_blank\"><strong>1.2. Decreto n\u00ba 566\/92<\/strong> \u2013 Decreto que aprovou o Regulamento.<\/a><\/p>\n\n\n\n<div style=\"height:20px\" aria-hidden=\"true\" class=\"wp-block-spacer\"><\/div>\n\n\n\n<h2 class=\"wp-block-heading has-text-color\" style=\"color:#14521d\">2. Regimentos Internos<\/h2>\n\n\n\n<p><a href=\"https:\/\/sistemafamato.org.br\/senarmt\/wp-content\/uploads\/sites\/2\/2021\/11\/Regimento_Interno_Senar-Central_2018.pdf\" target=\"_blank\" rel=\"noreferrer noopener\"><strong>2.1. Regimento Interno do SENAR Central<\/strong> \u2013 Rege o funcionamento do SENAR Central.<\/a><\/p>\n\n\n\n<p><a href=\"https:\/\/sistemafamato.org.br\/senarmt\/wp-content\/uploads\/sites\/2\/2021\/11\/Regimento-Interno-Senar-MT-2.pdf\" target=\"_blank\" rel=\"noreferrer noopener\"><strong>2.2. Regimento Interno do SENAR-AR\/MT<\/strong> \u2013 Rege o funcionamento do SENAR-AR\/MT.<\/a><\/p>\n\n\n\n<p><a href=\"https:\/\/sistemafamato.org.br\/senarmt\/wp-content\/uploads\/sites\/2\/2021\/11\/Regimento-Interno-Conselho-Administrativo.pdf\" target=\"_blank\" rel=\"noreferrer noopener\"><strong>2.3. Regimento Interno do Conselho Administrativo SENAR-AR\/MT<\/strong> \u2013 Rege o funcionamento do Conselho Administrativo SENAR-AR\/MT.<\/a><\/p>\n\n\n\n<p><a href=\"https:\/\/sistemafamato.org.br\/senarmt\/wp-content\/uploads\/sites\/2\/2021\/11\/Regimento-Interno-Conselho-Fiscal.pdf\" target=\"_blank\" rel=\"noreferrer noopener\"><strong>2.4. Regimento Interno do Conselho Fiscal SENAR-AR\/MT<\/strong> \u2013 Rege o funcionamento do Conselho Fiscal SENAR-AR\/MT.<\/a><\/p>\n\n\n\n<p><a href=\"https:\/\/sistemafamato.org.br\/senarmt\/wp-content\/uploads\/sites\/2\/2021\/11\/REGIMENTO-INTERNO-CONSELHO-CONSULTIVO-SENARMT.pdf\" target=\"_blank\" rel=\"noreferrer noopener\"><strong>2.5. Regimento Interno Conselho do Consultivo SENAR-AR\/MT<\/strong> \u2013 Rege o funcionamento do Conselho do Consultivo SENAR-AR\/MT.<\/a><\/p>\n\n\n\n<p><a href=\"https:\/\/sistemafamato.org.br\/senarmt\/wp-content\/uploads\/sites\/2\/2021\/11\/Regimento-Interno-Superintendencia-2.pdf\" target=\"_blank\" rel=\"noreferrer noopener\"><strong>2.6. Regimento Interno da Superintend\u00eancia do SENAR-AR\/MT<\/strong> \u2013 Rege o funcionamento Superintend\u00eancia do SENAR-AR\/MT.<\/a><\/p>\n\n\n\n<div style=\"height:20px\" aria-hidden=\"true\" class=\"wp-block-spacer\"><\/div>\n\n\n\n<h2 class=\"wp-block-heading has-text-color\" style=\"color:#14521d\">3. Regulamentos<\/h2>\n\n\n\n<p><a href=\"https:\/\/sistemafamato.org.br\/senarmt\/wp-content\/uploads\/sites\/2\/2024\/12\/Regulamento-de-Licitacoes-e-Contratos-do-Senar-n.-030.2024.CD-02.05.2024.pdf\" target=\"_blank\" rel=\"noreferrer noopener\"><strong>3.1. Regulamento de Licita\u00e7\u00f5es e Contratos do SENAR<\/strong> \u2013 Rege contrata\u00e7\u00f5es, obras, servi\u00e7os e compras.<\/a><\/p>\n\n\n\n<p><a href=\"https:\/\/sistemafamato.org.br\/senarmt\/wp-content\/uploads\/sites\/2\/2021\/11\/Regulamento-dos-Procedimentos-para-Celebracao-de-Termos-de-Cooperacao.pdf\" target=\"_blank\" rel=\"noreferrer noopener\"><strong>3.2. Regulamento para Procedimentos para Celebra\u00e7\u00e3o de Termos de Coopera\u00e7\u00e3o T\u00e9cnica e Financeira \u2013 TCTF<\/strong> \u2013 Rege a celebra\u00e7\u00e3o dos Termos de Coopera\u00e7\u00e3o T\u00e9cnica e Financeira.<\/a><\/p>\n\n\n\n<div style=\"height:20px\" aria-hidden=\"true\" class=\"wp-block-spacer\"><\/div>\n\n\n\n<h2 class=\"wp-block-heading has-text-color\" style=\"color:#14521d\">4. Instru\u00e7\u00f5es de Servi\u00e7os<\/h2>\n\n\n\n<p><a href=\"https:\/\/sistemafamato.org.br\/senarmt\/wp-content\/uploads\/sites\/2\/2021\/11\/I.S.-001.2011-TERMOS-DE-COOPERACAO.pdf\" target=\"_blank\" rel=\"noreferrer noopener\"><strong>4.1. Instru\u00e7\u00e3o de Servi\u00e7os n\u00ba 001\/2011 \u2013 TCTF<\/strong> \u2013 Rege os procedimentos relacionados \u00e0 celebra\u00e7\u00e3o, execu\u00e7\u00e3o e presta\u00e7\u00e3o de contas de termos de coopera\u00e7\u00e3o para a\u00e7\u00f5es em regime de m\u00fatua colabora\u00e7\u00e3o.<\/a><\/p>\n\n\n\n<p><a href=\"https:\/\/sistemafamato.org.br\/senarmt\/wp-content\/uploads\/sites\/2\/2021\/11\/I.S.-004.2011-PATROCINIOS-TECNICOS.pdf\" target=\"_blank\" rel=\"noreferrer noopener\"><strong>4.2. Instru\u00e7\u00e3o de Servi\u00e7os n\u00ba 004\/2011 <\/strong>\u2013 Concess\u00e3o de patroc\u00ednio \u2013 Rege as diretrizes, normas e procedimentos para a \u201cConcess\u00e3o de Patroc\u00ednio Financeiro para a realiza\u00e7\u00e3o de Projetos\/Eventos de Terceiros\u201d.<\/a><\/p>\n\n\n\n<div style=\"height:20px\" aria-hidden=\"true\" class=\"wp-block-spacer\"><\/div>\n\n\n\n<h2 class=\"wp-block-heading has-text-color\" style=\"color:#14521d\">5. Manuais<\/h2>\n\n\n\n<p><a href=\"https:\/\/sistemafamato.org.br\/senarmt\/wp-content\/uploads\/sites\/2\/2021\/11\/ECIN-MAN-001-Manual-Prestacao-de-Contas.pdf\" target=\"_blank\" rel=\"noreferrer noopener\"><strong>5.1. Manual de Presta\u00e7\u00e3o de Contas <\/strong>\u2013 Rege os procedimentos para presta\u00e7\u00e3o de contas quando h\u00e1 transfer\u00eancia de recursos do SENAR para terceiros.<\/a><\/p>\n\n\n\n<div style=\"height:20px\" aria-hidden=\"true\" class=\"wp-block-spacer\"><\/div>\n\n\n\n<h2 class=\"wp-block-heading has-text-color\" style=\"color:#14521d\">6. C\u00f3digo de \u00c9tica e Conduta<\/h2>\n\n\n\n<p><a href=\"https:\/\/sistemafamato.org.br\/senarmt\/wp-content\/uploads\/sites\/2\/2021\/11\/CODIGO-DE-ETICA-E-CONDUTA.pdf\" target=\"_blank\" rel=\"noreferrer noopener\"><strong>6.1. C\u00f3digo de \u00c9tica e Conduta<\/strong> \u2013 Rege a forma do SENAR-AR\/MT se relacionar com seus colaboradores, clientes, fornecedores, sociedade, imprensa e Meio Ambiente e as demais partes envolvidas.<\/a><\/p>\n","protected":false},"excerpt":{"rendered":"<p>LEGISLA\u00c7\u00c3O 1. Atos Constitutivos do Senar 1.1. Lei n\u00ba 8.315\/91 \u2013 Lei de cria\u00e7\u00e3o do SENAR. 1.2. Decreto n\u00ba 566\/92 \u2013 Decreto que aprovou o Regulamento. 2. Regimentos Internos 2.1. Regimento Interno do SENAR Central \u2013 Rege o funcionamento do SENAR Central. 2.2. Regimento Interno do SENAR-AR\/MT \u2013 Rege o funcionamento do SENAR-AR\/MT. 2.3. Regimento [&hellip;]<\/p>\n","protected":false},"author":1,"featured_media":33,"parent":0,"menu_order":0,"comment_status":"closed","ping_status":"closed","template":"","meta":{"advgb_blocks_editor_width":"","advgb_blocks_columns_visual_guide":"","footnotes":""},"class_list":["post-32","page","type-page","status-publish","has-post-thumbnail","hentry"],"acf":[],"coauthors":[],"author_meta":{"author_link":"https:\/\/sistemafamato.org.br\/senarmt\/author\/siteadmin\/","display_name":"siteadmin"},"relative_dates":{"created":"Publicado 4 anos atr\u00e1s","modified":"Atualizado 1 ano atr\u00e1s"},"absolute_dates":{"created":"Publicado em 6 de novembro de 2021","modified":"Atualizado em 11 de dezembro de 2024"},"absolute_dates_time":{"created":"Publicado em 6 de novembro de 2021 16:52","modified":"Atualizado em 11 de dezembro de 2024 08:42"},"featured_img_caption":"","featured_img":"https:\/\/sistemafamato.org.br\/senarmt\/wp-content\/uploads\/sites\/2\/2021\/11\/topo-legislacao.jpeg","series_order":"","_links":{"self":[{"href":"https:\/\/sistemafamato.org.br\/senarmt\/wp-json\/wp\/v2\/pages\/32","targetHints":{"allow":["GET"]}}],"collection":[{"href":"https:\/\/sistemafamato.org.br\/senarmt\/wp-json\/wp\/v2\/pages"}],"about":[{"href":"https:\/\/sistemafamato.org.br\/senarmt\/wp-json\/wp\/v2\/types\/page"}],"author":[{"embeddable":true,"href":"https:\/\/sistemafamato.org.br\/senarmt\/wp-json\/wp\/v2\/users\/1"}],"replies":[{"embeddable":true,"href":"https:\/\/sistemafamato.org.br\/senarmt\/wp-json\/wp\/v2\/comments?post=32"}],"version-history":[{"count":28,"href":"https:\/\/sistemafamato.org.br\/senarmt\/wp-json\/wp\/v2\/pages\/32\/revisions"}],"predecessor-version":[{"id":563053,"href":"https:\/\/sistemafamato.org.br\/senarmt\/wp-json\/wp\/v2\/pages\/32\/revisions\/563053"}],"wp:featuredmedia":[{"embeddable":true,"href":"https:\/\/sistemafamato.org.br\/senarmt\/wp-json\/wp\/v2\/media\/33"}],"wp:attachment":[{"href":"https:\/\/sistemafamato.org.br\/senarmt\/wp-json\/wp\/v2\/media?parent=32"}],"curies":[{"name":"wp","href":"https:\/\/api.w.org\/{rel}","templated":true}]}}