{"id":27,"date":"2021-11-06T16:49:01","date_gmt":"2021-11-06T19:49:01","guid":{"rendered":"https:\/\/sistemafamato.org.br\/senarmt\/?page_id=27"},"modified":"2021-12-02T15:29:14","modified_gmt":"2021-12-02T19:29:14","slug":"organograma-e-estrutura-de-governanca","status":"publish","type":"page","link":"https:\/\/sistemafamato.org.br\/senarmt\/organograma-e-estrutura-de-governanca\/","title":{"rendered":"Organograma e Estrutura de Governan\u00e7a"},"content":{"rendered":"\n<h1 class=\"sf-titulo wp-block-heading\">ESTRUTURA DE GOVERNAN\u00c7A<\/h1>\n\n\n\n<div style=\"height:20px\" aria-hidden=\"true\" class=\"wp-block-spacer\"><\/div>\n\n\n\n<p>O Senar-MT foi criado pela Portaria n\u00ba 009\/94 de 04 de abril de 1994, do Presidente do Conselho Deliberativo, com base no inciso X do Art. 15 do Regimento Interno do Senar \u2013 Administra\u00e7\u00e3o Central. \u00c9 uma institui\u00e7\u00e3o de direito privado, paraestatal, sem fins lucrativos, mantida pela classe patronal rural, com atua\u00e7\u00e3o nos 27 estados brasileiros.<\/p>\n\n\n\n<p>A entidade \u00e9 vinculada \u00e0&nbsp;Federa\u00e7\u00e3o da Agricultura e Pecu\u00e1ria de Mato Grosso (Famato) e dirigida por um&nbsp;Conselho Administrativo, composto por representantes das classes de produtores&nbsp;e de trabalhadores rurais do Estado e um representante do Senar Central. Este&nbsp;Conselho exerce a dire\u00e7\u00e3o superior e a normatiza\u00e7\u00e3o das atividades do Senar no&nbsp;Estado no que diz respeito ao planejamento, diretrizes e pol\u00edticas&nbsp;institucionais, controle e avalia\u00e7\u00e3o de toda a institui\u00e7\u00e3o.<\/p>\n\n\n\n<p>\u00c9 constitu\u00eddo tamb\u00e9m por um Conselho Fiscal, respons\u00e1vel pela fiscaliza\u00e7\u00e3o de toda a parte financeira e or\u00e7ament\u00e1ria da institui\u00e7\u00e3o, e por uma Superintend\u00eancia que executa a administra\u00e7\u00e3o da institui\u00e7\u00e3o.<\/p>\n\n\n\n<p>As a\u00e7\u00f5es do Senar est\u00e3o baseadas em princ\u00edpios e diretrizes estabelecidas pela Organiza\u00e7\u00e3o Internacional do Trabalho (OIT), nas pol\u00edticas do Centro Interamericano de Investiga\u00e7\u00e3o e Documenta\u00e7\u00e3o sobre Forma\u00e7\u00e3o Profissional (CINTERFOR), formuladas durante reuni\u00f5es de comiss\u00f5es t\u00e9cnicas, nas pol\u00edticas dos Minist\u00e9rios do Trabalho e da Agricultura e nas diretrizes emanadas da CNA.<\/p>\n\n\n\n<div style=\"height:20px\" aria-hidden=\"true\" class=\"wp-block-spacer\"><\/div>\n\n\n\n<figure class=\"wp-block-image size-full sf-image-full\"><img loading=\"lazy\" decoding=\"async\" width=\"649\" height=\"667\" src=\"https:\/\/sistemafamato.org.br\/senarmt\/wp-content\/uploads\/sites\/2\/2021\/11\/governanca-2018_cortado.jpeg\" alt=\"\" class=\"wp-image-30\" srcset=\"https:\/\/sistemafamato.org.br\/senarmt\/wp-content\/uploads\/sites\/2\/2021\/11\/governanca-2018_cortado.jpeg 649w, https:\/\/sistemafamato.org.br\/senarmt\/wp-content\/uploads\/sites\/2\/2021\/11\/governanca-2018_cortado-292x300.jpeg 292w\" sizes=\"auto, (max-width: 649px) 100vw, 649px\" \/><\/figure>\n","protected":false},"excerpt":{"rendered":"<p>ESTRUTURA DE GOVERNAN\u00c7A O Senar-MT foi criado pela Portaria n\u00ba 009\/94 de 04 de abril de 1994, do Presidente do Conselho Deliberativo, com base no inciso X do Art. 15 do Regimento Interno do Senar \u2013 Administra\u00e7\u00e3o Central. \u00c9 uma institui\u00e7\u00e3o de direito privado, paraestatal, sem fins lucrativos, mantida pela classe patronal rural, com atua\u00e7\u00e3o [&hellip;]<\/p>\n","protected":false},"author":1,"featured_media":26,"parent":0,"menu_order":0,"comment_status":"closed","ping_status":"closed","template":"","meta":{"advgb_blocks_editor_width":"","advgb_blocks_columns_visual_guide":"","footnotes":""},"class_list":["post-27","page","type-page","status-publish","has-post-thumbnail","hentry"],"acf":[],"coauthors":[],"author_meta":{"author_link":"https:\/\/sistemafamato.org.br\/senarmt\/author\/siteadmin\/","display_name":"siteadmin"},"relative_dates":{"created":"Publicado 4 anos atr\u00e1s","modified":"Atualizado 4 anos atr\u00e1s"},"absolute_dates":{"created":"Publicado em 6 de novembro de 2021","modified":"Atualizado em 2 de dezembro de 2021"},"absolute_dates_time":{"created":"Publicado em 6 de novembro de 2021 16:49","modified":"Atualizado em 2 de dezembro de 2021 15:29"},"featured_img_caption":"","featured_img":"https:\/\/sistemafamato.org.br\/senarmt\/wp-content\/uploads\/sites\/2\/2021\/11\/topo-organograma.jpeg","series_order":"","_links":{"self":[{"href":"https:\/\/sistemafamato.org.br\/senarmt\/wp-json\/wp\/v2\/pages\/27","targetHints":{"allow":["GET"]}}],"collection":[{"href":"https:\/\/sistemafamato.org.br\/senarmt\/wp-json\/wp\/v2\/pages"}],"about":[{"href":"https:\/\/sistemafamato.org.br\/senarmt\/wp-json\/wp\/v2\/types\/page"}],"author":[{"embeddable":true,"href":"https:\/\/sistemafamato.org.br\/senarmt\/wp-json\/wp\/v2\/users\/1"}],"replies":[{"embeddable":true,"href":"https:\/\/sistemafamato.org.br\/senarmt\/wp-json\/wp\/v2\/comments?post=27"}],"version-history":[{"count":6,"href":"https:\/\/sistemafamato.org.br\/senarmt\/wp-json\/wp\/v2\/pages\/27\/revisions"}],"predecessor-version":[{"id":25783,"href":"https:\/\/sistemafamato.org.br\/senarmt\/wp-json\/wp\/v2\/pages\/27\/revisions\/25783"}],"wp:featuredmedia":[{"embeddable":true,"href":"https:\/\/sistemafamato.org.br\/senarmt\/wp-json\/wp\/v2\/media\/26"}],"wp:attachment":[{"href":"https:\/\/sistemafamato.org.br\/senarmt\/wp-json\/wp\/v2\/media?parent=27"}],"curies":[{"name":"wp","href":"https:\/\/api.w.org\/{rel}","templated":true}]}}