{"id":25670,"date":"2021-11-30T16:36:43","date_gmt":"2021-11-30T20:36:43","guid":{"rendered":"https:\/\/sistemafamato.org.br\/senarmt\/?page_id=25670"},"modified":"2024-09-26T08:28:08","modified_gmt":"2024-09-26T12:28:08","slug":"dirigentes","status":"publish","type":"page","link":"https:\/\/sistemafamato.org.br\/senarmt\/dirigentes\/","title":{"rendered":"Dirigentes"},"content":{"rendered":"\n<h1 class=\"wp-block-heading sf-titulo\">DIRIGENTES<\/h1>\n\n\n\n<p><strong>Vilmondes Sebasti\u00e3o Tomain<\/strong> &#8211;<strong> Presidente do Conselho Administrativo<\/strong><\/p>\n\n\n\n<div class=\"wp-block-media-text alignwide is-stacked-on-mobile\" style=\"grid-template-columns:29% auto\"><figure class=\"wp-block-media-text__media\"><img loading=\"lazy\" decoding=\"async\" width=\"1024\" height=\"683\" src=\"https:\/\/sistemafamato.org.br\/senarmt\/wp-content\/uploads\/sites\/2\/2024\/09\/Vilmondes-Tomain_Presidente-4-1024x683.jpg\" alt=\"\" class=\"wp-image-556319 size-full\" srcset=\"https:\/\/sistemafamato.org.br\/senarmt\/wp-content\/uploads\/sites\/2\/2024\/09\/Vilmondes-Tomain_Presidente-4-1024x683.jpg 1024w, https:\/\/sistemafamato.org.br\/senarmt\/wp-content\/uploads\/sites\/2\/2024\/09\/Vilmondes-Tomain_Presidente-4-300x200.jpg 300w, https:\/\/sistemafamato.org.br\/senarmt\/wp-content\/uploads\/sites\/2\/2024\/09\/Vilmondes-Tomain_Presidente-4-768x512.jpg 768w, https:\/\/sistemafamato.org.br\/senarmt\/wp-content\/uploads\/sites\/2\/2024\/09\/Vilmondes-Tomain_Presidente-4-1536x1024.jpg 1536w, https:\/\/sistemafamato.org.br\/senarmt\/wp-content\/uploads\/sites\/2\/2024\/09\/Vilmondes-Tomain_Presidente-4-2048x1365.jpg 2048w, https:\/\/sistemafamato.org.br\/senarmt\/wp-content\/uploads\/sites\/2\/2024\/09\/Vilmondes-Tomain_Presidente-4-150x100.jpg 150w\" sizes=\"auto, (max-width: 1024px) 100vw, 1024px\" \/><\/figure><div class=\"wp-block-media-text__content\">\n<p>Vilmondes Sebasti\u00e3o Tomain, 63 anos, \u00e9 natural de Concei\u00e7\u00e3o das Alagoas (MG). Dedica-se \u00e0s atividades de agricultura e pecu\u00e1ria. Estabeleceu-se em Mato Grosso em 1988, ano em que adquiriu uma propriedade rural da regi\u00e3o do Araguaia. Em 2007 foi eleito presidente do Sindicato Rural de Barra do Gar\u00e7as. <\/p>\n\n\n\n<p>Na Famato ocupou os cargos de suplente da Vice-presid\u00eancia Regi\u00e3o Noroeste \u2013 Barra do Gar\u00e7as, foi Conselheiro Fiscal de 2010 a 2016 e no per\u00edodo de 2017 a 2022 ocupou o cargo de diretor Administrativo e Financeiro. Atualmente ocupa o cargo de presidente do Sistema Famato &#8211; quadri\u00eanio 2023\/2026.<\/p>\n<\/div><\/div>\n\n\n\n<p><strong>Marcelo Lupatini &#8211; Superintendente<\/strong><\/p>\n\n\n\n<div class=\"wp-block-media-text alignwide is-stacked-on-mobile\" style=\"grid-template-columns:29% auto\"><figure class=\"wp-block-media-text__media\"><img loading=\"lazy\" decoding=\"async\" width=\"1024\" height=\"683\" src=\"https:\/\/sistemafamato.org.br\/senarmt\/wp-content\/uploads\/sites\/2\/2024\/09\/DSC_0069-Aprimorado-NR_1-1024x683.jpg\" alt=\"\" class=\"wp-image-556312 size-full\" srcset=\"https:\/\/sistemafamato.org.br\/senarmt\/wp-content\/uploads\/sites\/2\/2024\/09\/DSC_0069-Aprimorado-NR_1-1024x683.jpg 1024w, https:\/\/sistemafamato.org.br\/senarmt\/wp-content\/uploads\/sites\/2\/2024\/09\/DSC_0069-Aprimorado-NR_1-300x200.jpg 300w, https:\/\/sistemafamato.org.br\/senarmt\/wp-content\/uploads\/sites\/2\/2024\/09\/DSC_0069-Aprimorado-NR_1-768x512.jpg 768w, https:\/\/sistemafamato.org.br\/senarmt\/wp-content\/uploads\/sites\/2\/2024\/09\/DSC_0069-Aprimorado-NR_1-1536x1024.jpg 1536w, https:\/\/sistemafamato.org.br\/senarmt\/wp-content\/uploads\/sites\/2\/2024\/09\/DSC_0069-Aprimorado-NR_1-2048x1365.jpg 2048w, https:\/\/sistemafamato.org.br\/senarmt\/wp-content\/uploads\/sites\/2\/2024\/09\/DSC_0069-Aprimorado-NR_1-150x100.jpg 150w\" sizes=\"auto, (max-width: 1024px) 100vw, 1024px\" \/><\/figure><div class=\"wp-block-media-text__content\">\n<p>Natural de Palotina (PR), Marcelo Lupatini, de 40 anos, \u00e9 crist\u00e3o, casado e graduado em Administra\u00e7\u00e3o de Empresas. Com uma vasta experi\u00eancia no setor agr\u00edcola, ele \u00e9 bisneto, neto e filho de produtores rurais, tendo iniciado sua trajet\u00f3ria no campo desde muito jovem.<\/p>\n\n\n\n<p>Aos 37 anos, tomou posse como presidente do Sindicato Rural de Lucas do Rio Verde para o tri\u00eanio 2022-2025, desempenhando um papel importante na representatividade dos produtores rurais do munic\u00edpio.<\/p>\n\n\n\n<p>O novo superintendente do Senar Mato Grosso inicia um novo cap\u00edtulo da institui\u00e7\u00e3o e com o compromisso de continuar os avan\u00e7os significativos no desenvolvimento rural com qualifica\u00e7\u00e3o, oportunidades e o fortalecimento das atividades agropecu\u00e1rias do estado.<\/p>\n<\/div><\/div>\n\n\n\n<p><strong>Allan Paulino Gon\u00e7alves- Diretor Financeiro<\/strong><\/p>\n\n\n\n<div class=\"wp-block-media-text alignwide is-stacked-on-mobile\" style=\"grid-template-columns:29% auto\"><figure class=\"wp-block-media-text__media\"><img loading=\"lazy\" decoding=\"async\" width=\"1024\" height=\"998\" src=\"https:\/\/sistemafamato.org.br\/senarmt\/wp-content\/uploads\/sites\/2\/2024\/09\/IMG_8874-1024x998.jpg\" alt=\"\" class=\"wp-image-556315 size-full\" srcset=\"https:\/\/sistemafamato.org.br\/senarmt\/wp-content\/uploads\/sites\/2\/2024\/09\/IMG_8874-1024x998.jpg 1024w, https:\/\/sistemafamato.org.br\/senarmt\/wp-content\/uploads\/sites\/2\/2024\/09\/IMG_8874-300x292.jpg 300w, https:\/\/sistemafamato.org.br\/senarmt\/wp-content\/uploads\/sites\/2\/2024\/09\/IMG_8874-768x748.jpg 768w, https:\/\/sistemafamato.org.br\/senarmt\/wp-content\/uploads\/sites\/2\/2024\/09\/IMG_8874-1536x1497.jpg 1536w, https:\/\/sistemafamato.org.br\/senarmt\/wp-content\/uploads\/sites\/2\/2024\/09\/IMG_8874-2048x1995.jpg 2048w, https:\/\/sistemafamato.org.br\/senarmt\/wp-content\/uploads\/sites\/2\/2024\/09\/IMG_8874-150x146.jpg 150w\" sizes=\"auto, (max-width: 1024px) 100vw, 1024px\" \/><\/figure><div class=\"wp-block-media-text__content\">\n<p>Produtor Rural da regi\u00e3o sudoeste de Mato Grosso, Advogado Tributarista, ocupa, desde o in\u00edcio de 2023, o cargo de Diretor Financeiro do Servi\u00e7o Nacional de Aprendizagem Rural (SENAR \u2013 MATO GROSSO) e, atualmente, tamb\u00e9m desempenha o mandato de Diretor Secret\u00e1rio do Sindicato Rural de Cuiab\u00e1.<\/p>\n\n\n\n<p><br>Apesar do agroneg\u00f3cio fazer parte de sua hist\u00f3ria, desde a tenra idade, afinal \u00e9 filho e neto de produtores rurais, foi no ano de 2007, que a paix\u00e3o pelo campo ganhou um novo cap\u00edtulo! Neste ano, Allan Paulino assumiu a Ger\u00eancia Administrativa do Fundo de Apoio \u00e0 Bovinocultura de Corte (FABOV), institui\u00e7\u00e3o na qual permaneceu at\u00e9 2022.<\/p>\n\n\n\n<p><br>Com conhecimento s\u00f3lido na \u00e1rea da PECU\u00c1RIA e uma objetividade<br>peculiar, Allan Paulino Gon\u00e7alves exerceu, na Associa\u00e7\u00e3o dos Criadores de NELORE de MATO GROSSO, dois cargos: o de Diretor Secret\u00e1rio e o de Diretor Tesoureiro.<\/p>\n\n\n\n<p><br>Allan Paulino Gon\u00e7alves \u00e9 daqueles produtores rurais que t\u00eam a convic\u00e7\u00e3o de que trabalho \u00e1rduo e determina\u00e7\u00e3o constituem-se no caminho certo para que MATO GROSSO continue a ser o ESTADO L\u00cdDER da AGROPECU\u00c1RIA BRASILEIRA.<\/p>\n<\/div><\/div>\n\n\n\n<div style=\"height:44px\" aria-hidden=\"true\" class=\"wp-block-spacer\"><\/div>\n\n\n\n<p>Abaixo a rela\u00e7\u00e3o de dirigentes do Senar Mato Grosso empossada para o tri\u00eanio 2023\/2025, composta por membros dos Conselhos Administrativo e Fiscal.<\/p>\n","protected":false},"excerpt":{"rendered":"<p>DIRIGENTES Vilmondes Sebasti\u00e3o Tomain &#8211; Presidente do Conselho Administrativo Vilmondes Sebasti\u00e3o Tomain, 63 anos, \u00e9 natural de Concei\u00e7\u00e3o das Alagoas (MG). Dedica-se \u00e0s atividades de agricultura e pecu\u00e1ria. Estabeleceu-se em Mato Grosso em 1988, ano em que adquiriu uma propriedade rural da regi\u00e3o do Araguaia. Em 2007 foi eleito presidente do Sindicato Rural de Barra [&hellip;]<\/p>\n","protected":false},"author":1,"featured_media":25672,"parent":0,"menu_order":0,"comment_status":"closed","ping_status":"closed","template":"","meta":{"advgb_blocks_editor_width":"","advgb_blocks_columns_visual_guide":"","footnotes":""},"class_list":["post-25670","page","type-page","status-publish","has-post-thumbnail","hentry"],"acf":[],"coauthors":[],"author_meta":{"author_link":"https:\/\/sistemafamato.org.br\/senarmt\/author\/siteadmin\/","display_name":"siteadmin"},"relative_dates":{"created":"Publicado 4 anos atr\u00e1s","modified":"Atualizado 2 anos atr\u00e1s"},"absolute_dates":{"created":"Publicado em 30 de novembro de 2021","modified":"Atualizado em 26 de setembro de 2024"},"absolute_dates_time":{"created":"Publicado em 30 de novembro de 2021 16:36","modified":"Atualizado em 26 de setembro de 2024 08:28"},"featured_img_caption":"","featured_img":"https:\/\/sistemafamato.org.br\/senarmt\/wp-content\/uploads\/sites\/2\/2021\/11\/topo-dirigentes.jpeg","series_order":"","_links":{"self":[{"href":"https:\/\/sistemafamato.org.br\/senarmt\/wp-json\/wp\/v2\/pages\/25670","targetHints":{"allow":["GET"]}}],"collection":[{"href":"https:\/\/sistemafamato.org.br\/senarmt\/wp-json\/wp\/v2\/pages"}],"about":[{"href":"https:\/\/sistemafamato.org.br\/senarmt\/wp-json\/wp\/v2\/types\/page"}],"author":[{"embeddable":true,"href":"https:\/\/sistemafamato.org.br\/senarmt\/wp-json\/wp\/v2\/users\/1"}],"replies":[{"embeddable":true,"href":"https:\/\/sistemafamato.org.br\/senarmt\/wp-json\/wp\/v2\/comments?post=25670"}],"version-history":[{"count":11,"href":"https:\/\/sistemafamato.org.br\/senarmt\/wp-json\/wp\/v2\/pages\/25670\/revisions"}],"predecessor-version":[{"id":556322,"href":"https:\/\/sistemafamato.org.br\/senarmt\/wp-json\/wp\/v2\/pages\/25670\/revisions\/556322"}],"wp:featuredmedia":[{"embeddable":true,"href":"https:\/\/sistemafamato.org.br\/senarmt\/wp-json\/wp\/v2\/media\/25672"}],"wp:attachment":[{"href":"https:\/\/sistemafamato.org.br\/senarmt\/wp-json\/wp\/v2\/media?parent=25670"}],"curies":[{"name":"wp","href":"https:\/\/api.w.org\/{rel}","templated":true}]}}