{"id":138,"date":"2021-11-07T17:34:39","date_gmt":"2021-11-07T20:34:39","guid":{"rendered":"https:\/\/sistemafamato.org.br\/senarmt\/?page_id=138"},"modified":"2021-11-24T18:13:52","modified_gmt":"2021-11-24T21:13:52","slug":"acao-social-agenda","status":"publish","type":"page","link":"https:\/\/sistemafamato.org.br\/senarmt\/acao-social-agenda\/","title":{"rendered":"A\u00e7\u00e3o Social Agenda"},"content":{"rendered":"\n<h1 class=\"sf-titulo wp-block-heading\">COMO PARTICIPAR<\/h1>\n\n\n\n<div style=\"height:20px\" aria-hidden=\"true\" class=\"wp-block-spacer\"><\/div>\n\n\n\n<p>Produtores, trabalhadores rurais e suas fam\u00edlias, al\u00e9m da popula\u00e7\u00e3o do munic\u00edpio, podem ir nos eventos de a\u00e7\u00e3o social, s\u00e3o gratuitos. \u00c9 importante levar algum documento de identifica\u00e7\u00e3o, quando tiver, e ficar atento a agenda divulgada pelos Sindicatos Rurais de cada munic\u00edpio.<\/p>\n\n\n\n<p>Para a Equoterapia verifique se no seu munic\u00edpio tem o Centro de Terapia e entre em contato com o Sindicato Rural para mais informa\u00e7\u00f5es.<\/p>\n\n\n\n<div style=\"height:20px\" aria-hidden=\"true\" class=\"wp-block-spacer\"><\/div>\n\n\n\n<h1 class=\"sf-titulo wp-block-heading\">AGENDA<\/h1>\n\n\n\n<h2 class=\"sf-subtitulo wp-block-heading\">Clique em Saiba Mais e confira a agenda do programa<\/h2>\n","protected":false},"excerpt":{"rendered":"<p>COMO PARTICIPAR Produtores, trabalhadores rurais e suas fam\u00edlias, al\u00e9m da popula\u00e7\u00e3o do munic\u00edpio, podem ir nos eventos de a\u00e7\u00e3o social, s\u00e3o gratuitos. \u00c9 importante levar algum documento de identifica\u00e7\u00e3o, quando tiver, e ficar atento a agenda divulgada pelos Sindicatos Rurais de cada munic\u00edpio. Para a Equoterapia verifique se no seu munic\u00edpio tem o Centro de [&hellip;]<\/p>\n","protected":false},"author":1,"featured_media":140,"parent":0,"menu_order":0,"comment_status":"closed","ping_status":"closed","template":"","meta":{"advgb_blocks_editor_width":"","advgb_blocks_columns_visual_guide":"","footnotes":""},"class_list":["post-138","page","type-page","status-publish","has-post-thumbnail","hentry"],"acf":[],"coauthors":[],"author_meta":{"author_link":"https:\/\/sistemafamato.org.br\/senarmt\/author\/siteadmin\/","display_name":"siteadmin"},"relative_dates":{"created":"Publicado 4 anos atr\u00e1s","modified":"Atualizado 4 anos atr\u00e1s"},"absolute_dates":{"created":"Publicado em 7 de novembro de 2021","modified":"Atualizado em 24 de novembro de 2021"},"absolute_dates_time":{"created":"Publicado em 7 de novembro de 2021 17:34","modified":"Atualizado em 24 de novembro de 2021 18:13"},"featured_img_caption":"","featured_img":"https:\/\/sistemafamato.org.br\/senarmt\/wp-content\/uploads\/sites\/2\/2021\/11\/topo-acoes-sociais-1.jpeg","series_order":"","_links":{"self":[{"href":"https:\/\/sistemafamato.org.br\/senarmt\/wp-json\/wp\/v2\/pages\/138","targetHints":{"allow":["GET"]}}],"collection":[{"href":"https:\/\/sistemafamato.org.br\/senarmt\/wp-json\/wp\/v2\/pages"}],"about":[{"href":"https:\/\/sistemafamato.org.br\/senarmt\/wp-json\/wp\/v2\/types\/page"}],"author":[{"embeddable":true,"href":"https:\/\/sistemafamato.org.br\/senarmt\/wp-json\/wp\/v2\/users\/1"}],"replies":[{"embeddable":true,"href":"https:\/\/sistemafamato.org.br\/senarmt\/wp-json\/wp\/v2\/comments?post=138"}],"version-history":[{"count":5,"href":"https:\/\/sistemafamato.org.br\/senarmt\/wp-json\/wp\/v2\/pages\/138\/revisions"}],"predecessor-version":[{"id":11866,"href":"https:\/\/sistemafamato.org.br\/senarmt\/wp-json\/wp\/v2\/pages\/138\/revisions\/11866"}],"wp:featuredmedia":[{"embeddable":true,"href":"https:\/\/sistemafamato.org.br\/senarmt\/wp-json\/wp\/v2\/media\/140"}],"wp:attachment":[{"href":"https:\/\/sistemafamato.org.br\/senarmt\/wp-json\/wp\/v2\/media?parent=138"}],"curies":[{"name":"wp","href":"https:\/\/api.w.org\/{rel}","templated":true}]}}