{"id":119628,"date":"2022-11-16T16:02:16","date_gmt":"2022-11-16T20:02:16","guid":{"rendered":"https:\/\/sistemafamato.org.br\/senarmt\/?page_id=119628"},"modified":"2024-05-07T17:12:13","modified_gmt":"2024-05-07T21:12:13","slug":"educacao-formal","status":"publish","type":"page","link":"https:\/\/sistemafamato.org.br\/senarmt\/educacao-formal\/","title":{"rendered":"Educa\u00e7\u00e3o Formal"},"content":{"rendered":"\n<h1 class=\"wp-block-heading sf-titulo\">Escolas T\u00e9cnicas Agr\u00edcolas do Senar-MT<\/h1>\n\n\n\n<p>As Escolas Agr\u00edcolas nascem atrav\u00e9s de parcerias entre o Senar-MT, Sindicatos Rurais, Entidades P\u00fablicas e Privadas, que unem for\u00e7as para promoverem o desenvolvimento do ensino profissionalizante da popula\u00e7\u00e3o jovem e assim impulsionar o desenvolvimento do setor agropecu\u00e1rio.<\/p>\n\n\n\n<p>A <strong>Escola Agr\u00edcola Ranch\u00e3o<\/strong>, a primeira unidade do Senar-MT, nasceu de uma parceria entre o Senar-MT, Sindicato Rural de Nova Mutum e a Prefeitura Municipal de Nova Mutum que se uniram com o prop\u00f3sito de impulsionar a qualifica\u00e7\u00e3o da m\u00e3o de obra t\u00e9cnica no munic\u00edpio e regi\u00e3o, viabilizando atrav\u00e9s do legislativo municipal a aprova\u00e7\u00e3o da lei n\u00ba 2.693 de 06 de julho de 2022 e do Termo de Coopera\u00e7\u00e3o T\u00e9cnica (TCT) assinado em 02 agosto de 2022, uma cess\u00e3o p\u00fablica, da ent\u00e3o Escola Municipal Rural Produtiva Ranch\u00e3o, ao Servi\u00e7o Nacional de Aprendizagem Rural, passando a ser a Escola Agr\u00edcola Ranch\u00e3o.<\/p>\n\n\n\n<p>O Senar, atrav\u00e9s da ger\u00eancia da educa\u00e7\u00e3o formal, assume a gest\u00e3o educacional e administrativa da Escola Agr\u00edcola Ranch\u00e3o, com o objetivo de melhorar a infraestrutura, levar maquin\u00e1rios, tecnologia de ponta e aumentar a equipe de profissionais.<\/p>\n\n\n\n<p>Na Escola Agr\u00edcola Ranch\u00e3o \u00e9 oferecido o curso t\u00e9cnico de n\u00edvel m\u00e9dio, sendo o T\u00e9cnico em Agropecu\u00e1ria com dura\u00e7\u00e3o de 2 anos, al\u00e9m deste o Senar realizar\u00e1 outros treinamentos de capacita\u00e7\u00e3o dentro da escola. O objetivo \u00e9 sempre o mesmo: deixar a escola mais competitiva, formar m\u00e3o de obra qualificada para atuar no agroneg\u00f3cio e se tornar um modelo para institui\u00e7\u00f5es Senar de todo o Brasil.<\/p>\n\n\n\n<figure class=\"wp-block-gallery has-nested-images columns-default is-cropped wp-block-gallery-1 is-layout-flex wp-block-gallery-is-layout-flex\">\n<figure class=\"wp-block-image size-large\"><a href=\"https:\/\/sistemafamato.org.br\/senarmt\/wp-content\/uploads\/sites\/2\/2022\/11\/3a-foto.jpg\" target=\"_blank\" rel=\"noopener\"><img loading=\"lazy\" decoding=\"async\" width=\"1024\" height=\"768\" data-id=\"119632\" src=\"https:\/\/sistemafamato.org.br\/senarmt\/wp-content\/uploads\/sites\/2\/2022\/11\/3a-foto.jpg\" alt=\"\" class=\"wp-image-119632\" srcset=\"https:\/\/sistemafamato.org.br\/senarmt\/wp-content\/uploads\/sites\/2\/2022\/11\/3a-foto.jpg 1024w, https:\/\/sistemafamato.org.br\/senarmt\/wp-content\/uploads\/sites\/2\/2022\/11\/3a-foto-300x225.jpg 300w, https:\/\/sistemafamato.org.br\/senarmt\/wp-content\/uploads\/sites\/2\/2022\/11\/3a-foto-768x576.jpg 768w\" sizes=\"auto, (max-width: 1024px) 100vw, 1024px\" \/><\/a><\/figure>\n\n\n\n<figure class=\"wp-block-image size-large\"><a href=\"https:\/\/sistemafamato.org.br\/senarmt\/wp-content\/uploads\/sites\/2\/2022\/11\/2a-foto.jpg\" target=\"_blank\" rel=\"noopener\"><img loading=\"lazy\" decoding=\"async\" width=\"1024\" height=\"682\" data-id=\"119630\" src=\"https:\/\/sistemafamato.org.br\/senarmt\/wp-content\/uploads\/sites\/2\/2022\/11\/2a-foto-1024x682.jpg\" alt=\"\" class=\"wp-image-119630\" srcset=\"https:\/\/sistemafamato.org.br\/senarmt\/wp-content\/uploads\/sites\/2\/2022\/11\/2a-foto-1024x682.jpg 1024w, https:\/\/sistemafamato.org.br\/senarmt\/wp-content\/uploads\/sites\/2\/2022\/11\/2a-foto-300x200.jpg 300w, https:\/\/sistemafamato.org.br\/senarmt\/wp-content\/uploads\/sites\/2\/2022\/11\/2a-foto-768x511.jpg 768w, https:\/\/sistemafamato.org.br\/senarmt\/wp-content\/uploads\/sites\/2\/2022\/11\/2a-foto.jpg 1080w\" sizes=\"auto, (max-width: 1024px) 100vw, 1024px\" \/><\/a><\/figure>\n\n\n\n<figure class=\"wp-block-image size-large\"><a href=\"https:\/\/sistemafamato.org.br\/senarmt\/wp-content\/uploads\/sites\/2\/2022\/11\/5a-foto-scaled.jpeg\" target=\"_blank\" rel=\"noopener\"><img loading=\"lazy\" decoding=\"async\" width=\"1024\" height=\"683\" data-id=\"119635\" src=\"https:\/\/sistemafamato.org.br\/senarmt\/wp-content\/uploads\/sites\/2\/2022\/11\/5a-foto-1024x683.jpeg\" alt=\"\" class=\"wp-image-119635\" srcset=\"https:\/\/sistemafamato.org.br\/senarmt\/wp-content\/uploads\/sites\/2\/2022\/11\/5a-foto-1024x683.jpeg 1024w, https:\/\/sistemafamato.org.br\/senarmt\/wp-content\/uploads\/sites\/2\/2022\/11\/5a-foto-300x200.jpeg 300w, https:\/\/sistemafamato.org.br\/senarmt\/wp-content\/uploads\/sites\/2\/2022\/11\/5a-foto-768x512.jpeg 768w, https:\/\/sistemafamato.org.br\/senarmt\/wp-content\/uploads\/sites\/2\/2022\/11\/5a-foto-1536x1024.jpeg 1536w, https:\/\/sistemafamato.org.br\/senarmt\/wp-content\/uploads\/sites\/2\/2022\/11\/5a-foto-2048x1365.jpeg 2048w\" sizes=\"auto, (max-width: 1024px) 100vw, 1024px\" \/><\/a><\/figure>\n\n\n\n<figure class=\"wp-block-image size-large\"><a href=\"https:\/\/sistemafamato.org.br\/senarmt\/wp-content\/uploads\/sites\/2\/2023\/04\/Maquina-Ranchao_cortado.jpeg\" target=\"_blank\" rel=\"noopener\"><img loading=\"lazy\" decoding=\"async\" width=\"1024\" height=\"592\" data-id=\"434744\" src=\"https:\/\/sistemafamato.org.br\/senarmt\/wp-content\/uploads\/sites\/2\/2023\/04\/Maquina-Ranchao_cortado-1024x592.jpeg\" alt=\"\" class=\"wp-image-434744\" srcset=\"https:\/\/sistemafamato.org.br\/senarmt\/wp-content\/uploads\/sites\/2\/2023\/04\/Maquina-Ranchao_cortado-1024x592.jpeg 1024w, https:\/\/sistemafamato.org.br\/senarmt\/wp-content\/uploads\/sites\/2\/2023\/04\/Maquina-Ranchao_cortado-300x173.jpeg 300w, https:\/\/sistemafamato.org.br\/senarmt\/wp-content\/uploads\/sites\/2\/2023\/04\/Maquina-Ranchao_cortado-768x444.jpeg 768w, https:\/\/sistemafamato.org.br\/senarmt\/wp-content\/uploads\/sites\/2\/2023\/04\/Maquina-Ranchao_cortado-150x87.jpeg 150w, https:\/\/sistemafamato.org.br\/senarmt\/wp-content\/uploads\/sites\/2\/2023\/04\/Maquina-Ranchao_cortado.jpeg 1245w\" sizes=\"auto, (max-width: 1024px) 100vw, 1024px\" \/><\/a><\/figure>\n\n\n\n<figure class=\"wp-block-image size-large\"><a href=\"https:\/\/sistemafamato.org.br\/senarmt\/wp-content\/uploads\/sites\/2\/2022\/11\/6a-foto-scaled.jpeg\" target=\"_blank\" rel=\"noopener\"><img loading=\"lazy\" decoding=\"async\" width=\"1024\" height=\"683\" data-id=\"119633\" src=\"https:\/\/sistemafamato.org.br\/senarmt\/wp-content\/uploads\/sites\/2\/2022\/11\/6a-foto-1024x683.jpeg\" alt=\"\" class=\"wp-image-119633\" srcset=\"https:\/\/sistemafamato.org.br\/senarmt\/wp-content\/uploads\/sites\/2\/2022\/11\/6a-foto-1024x683.jpeg 1024w, https:\/\/sistemafamato.org.br\/senarmt\/wp-content\/uploads\/sites\/2\/2022\/11\/6a-foto-300x200.jpeg 300w, https:\/\/sistemafamato.org.br\/senarmt\/wp-content\/uploads\/sites\/2\/2022\/11\/6a-foto-768x512.jpeg 768w, https:\/\/sistemafamato.org.br\/senarmt\/wp-content\/uploads\/sites\/2\/2022\/11\/6a-foto-1536x1024.jpeg 1536w, https:\/\/sistemafamato.org.br\/senarmt\/wp-content\/uploads\/sites\/2\/2022\/11\/6a-foto-2048x1365.jpeg 2048w\" sizes=\"auto, (max-width: 1024px) 100vw, 1024px\" \/><\/a><\/figure>\n<\/figure>\n\n\n\n<p>Vem conhecer a primeira escola t\u00e9cnica agr\u00edcola do Senar-MT:<\/p>\n\n\n\n<figure class=\"wp-block-embed is-type-video is-provider-youtube wp-block-embed-youtube wp-embed-aspect-16-9 wp-has-aspect-ratio\"><div class=\"wp-block-embed__wrapper\">\n<iframe loading=\"lazy\" title=\"Escola Agr\u00edcola Ranch\u00e3o \u2013 Unidade Senar Mato Grosso\" width=\"500\" height=\"281\" src=\"https:\/\/www.youtube.com\/embed\/_EKT8aZUC0g?feature=oembed\" frameborder=\"0\" allow=\"accelerometer; autoplay; clipboard-write; encrypted-media; gyroscope; picture-in-picture; web-share\" referrerpolicy=\"strict-origin-when-cross-origin\" allowfullscreen><\/iframe>\n<\/div><\/figure>\n\n\n\n<h2 class=\"wp-block-heading\"><strong>Contatos<\/strong><\/h2>\n\n\n\n<p><strong>Secretaria Escolar:<\/strong> (65) 99969-0667<\/p>\n\n\n\n<p><strong>Diretora de Escola:<\/strong> (65) 99632-1644<\/p>\n\n\n\n<p><strong>Administra\u00e7\u00e3o Cuiab\u00e1<\/strong>: (65) 3928-4806<\/p>\n","protected":false},"excerpt":{"rendered":"<p>Escolas T\u00e9cnicas Agr\u00edcolas do Senar-MT As Escolas Agr\u00edcolas nascem atrav\u00e9s de parcerias entre o Senar-MT, Sindicatos Rurais, Entidades P\u00fablicas e Privadas, que unem for\u00e7as para promoverem o desenvolvimento do ensino profissionalizante da popula\u00e7\u00e3o jovem e assim impulsionar o desenvolvimento do setor agropecu\u00e1rio. A Escola Agr\u00edcola Ranch\u00e3o, a primeira unidade do Senar-MT, nasceu de uma parceria [&hellip;]<\/p>\n","protected":false},"author":1,"featured_media":119629,"parent":0,"menu_order":0,"comment_status":"closed","ping_status":"closed","template":"","meta":{"advgb_blocks_editor_width":"","advgb_blocks_columns_visual_guide":"","footnotes":""},"class_list":["post-119628","page","type-page","status-publish","has-post-thumbnail","hentry"],"acf":[],"coauthors":[],"author_meta":{"author_link":"https:\/\/sistemafamato.org.br\/senarmt\/author\/siteadmin\/","display_name":"siteadmin"},"relative_dates":{"created":"Publicado 3 anos atr\u00e1s","modified":"Atualizado 2 anos atr\u00e1s"},"absolute_dates":{"created":"Publicado em 16 de novembro de 2022","modified":"Atualizado em 7 de maio de 2024"},"absolute_dates_time":{"created":"Publicado em 16 de novembro de 2022 16:02","modified":"Atualizado em 7 de maio de 2024 17:12"},"featured_img_caption":"","featured_img":"https:\/\/sistemafamato.org.br\/senarmt\/wp-content\/uploads\/sites\/2\/2022\/11\/topo-educacao-formal_01_banner-topo.jpg","series_order":"","_links":{"self":[{"href":"https:\/\/sistemafamato.org.br\/senarmt\/wp-json\/wp\/v2\/pages\/119628","targetHints":{"allow":["GET"]}}],"collection":[{"href":"https:\/\/sistemafamato.org.br\/senarmt\/wp-json\/wp\/v2\/pages"}],"about":[{"href":"https:\/\/sistemafamato.org.br\/senarmt\/wp-json\/wp\/v2\/types\/page"}],"author":[{"embeddable":true,"href":"https:\/\/sistemafamato.org.br\/senarmt\/wp-json\/wp\/v2\/users\/1"}],"replies":[{"embeddable":true,"href":"https:\/\/sistemafamato.org.br\/senarmt\/wp-json\/wp\/v2\/comments?post=119628"}],"version-history":[{"count":23,"href":"https:\/\/sistemafamato.org.br\/senarmt\/wp-json\/wp\/v2\/pages\/119628\/revisions"}],"predecessor-version":[{"id":529569,"href":"https:\/\/sistemafamato.org.br\/senarmt\/wp-json\/wp\/v2\/pages\/119628\/revisions\/529569"}],"wp:featuredmedia":[{"embeddable":true,"href":"https:\/\/sistemafamato.org.br\/senarmt\/wp-json\/wp\/v2\/media\/119629"}],"wp:attachment":[{"href":"https:\/\/sistemafamato.org.br\/senarmt\/wp-json\/wp\/v2\/media?parent=119628"}],"curies":[{"name":"wp","href":"https:\/\/api.w.org\/{rel}","templated":true}]}}