{"id":6,"date":"2021-11-08T08:21:20","date_gmt":"2021-11-08T11:21:20","guid":{"rendered":"https:\/\/sistemafamato.org.br\/cenarium-rural\/?page_id=6"},"modified":"2021-12-02T18:02:16","modified_gmt":"2021-12-02T21:02:16","slug":"quem-somos","status":"publish","type":"page","link":"https:\/\/sistemafamato.org.br\/cenarium-rural\/quem-somos\/","title":{"rendered":"Quem Somos"},"content":{"rendered":"\n<h1 class=\"sf-titulo wp-block-heading\">SOBRE O CENARIUM<\/h1>\n\n\n\n<div style=\"height:20px\" aria-hidden=\"true\" class=\"wp-block-spacer\"><\/div>\n\n\n\n<div class=\"wp-block-columns is-layout-flex wp-container-core-columns-is-layout-9d6595d7 wp-block-columns-is-layout-flex\">\n<div class=\"wp-block-column is-layout-flow wp-block-column-is-layout-flow\">\n<p>O Cenarium Rural est\u00e1 de portas abertas, desde 2007, para a realiza\u00e7\u00e3o de eventos sociais, corporativos e t\u00e9cnicos. Mais do que um local para eventos, buscamos proporcionar experi\u00eancias marcantes e memor\u00e1veis para seu evento.<\/p>\n\n\n\n<p>O moderno espa\u00e7o est\u00e1 localizado na capital, Cuiab\u00e1 (MT), em um local de f\u00e1cil acesso e com uma vista panor\u00e2mica da cidade. O sal\u00e3o principal possui uma \u00e1rea total de 2.032 m\u00b2 e capacidade para at\u00e9 duas mil pessoas. Possui um amplo espa\u00e7o para estacionamento, tudo para melhor receber os seus convidados!<\/p>\n\n\n\n<p>O espa\u00e7o passou por mudan\u00e7as desde a sua inaugura\u00e7\u00e3o, e constantemente, vem se adequando as demandas do mercado de eventos.<br>Nosso espa\u00e7o permite a realiza\u00e7\u00e3o de diversos tipos de eventos: feiras, congressos, confraterniza\u00e7\u00f5es, posses, reuni\u00f5es, palestras, casamentos, formaturas, anivers\u00e1rios, debutantes, coquet\u00e9is e outros.<\/p>\n<\/div>\n<\/div>\n\n\n\n<p>Um espa\u00e7o grandioso, para momentos inesquec\u00edveis.<\/p>\n\n\n\n<div style=\"height:20px\" aria-hidden=\"true\" class=\"wp-block-spacer\"><\/div>\n\n\n\n<figure class=\"wp-block-image size-full\"><img loading=\"lazy\" decoding=\"async\" width=\"1024\" height=\"574\" src=\"https:\/\/sistemafamato.org.br\/cenarium-rural\/wp-content\/uploads\/sites\/4\/2021\/11\/img-cenarium-estacionamento.jpeg\" alt=\"\" class=\"wp-image-17\" srcset=\"https:\/\/sistemafamato.org.br\/cenarium-rural\/wp-content\/uploads\/sites\/4\/2021\/11\/img-cenarium-estacionamento.jpeg 1024w, https:\/\/sistemafamato.org.br\/cenarium-rural\/wp-content\/uploads\/sites\/4\/2021\/11\/img-cenarium-estacionamento-300x168.jpeg 300w, https:\/\/sistemafamato.org.br\/cenarium-rural\/wp-content\/uploads\/sites\/4\/2021\/11\/img-cenarium-estacionamento-768x431.jpeg 768w\" sizes=\"auto, (max-width: 1024px) 100vw, 1024px\" \/><\/figure>\n","protected":false},"excerpt":{"rendered":"<p>SOBRE O CENARIUM O Cenarium Rural est\u00e1 de portas abertas, desde 2007, para a realiza\u00e7\u00e3o de eventos sociais, corporativos e t\u00e9cnicos. Mais do que um local para eventos, buscamos proporcionar experi\u00eancias marcantes e memor\u00e1veis para seu evento. O moderno espa\u00e7o est\u00e1 localizado na capital, Cuiab\u00e1 (MT), em um local de f\u00e1cil acesso e com uma [&hellip;]<\/p>\n","protected":false},"author":1,"featured_media":5,"parent":0,"menu_order":0,"comment_status":"closed","ping_status":"closed","template":"","meta":{"advgb_blocks_editor_width":"","advgb_blocks_columns_visual_guide":"","footnotes":""},"class_list":["post-6","page","type-page","status-publish","has-post-thumbnail","hentry"],"acf":[],"coauthors":[],"author_meta":{"author_link":"https:\/\/sistemafamato.org.br\/cenarium-rural\/author\/siteadmin\/","display_name":"siteadmin"},"relative_dates":{"created":"Publicado 4 anos atr\u00e1s","modified":"Atualizado 4 anos atr\u00e1s"},"absolute_dates":{"created":"Publicado em 8 de novembro de 2021","modified":"Atualizado em 2 de dezembro de 2021"},"absolute_dates_time":{"created":"Publicado em 8 de novembro de 2021 08:21","modified":"Atualizado em 2 de dezembro de 2021 18:02"},"featured_img_caption":"","featured_img":"https:\/\/sistemafamato.org.br\/cenarium-rural\/wp-content\/uploads\/sites\/4\/2021\/11\/topo-quem-somos.jpeg","series_order":"","_links":{"self":[{"href":"https:\/\/sistemafamato.org.br\/cenarium-rural\/wp-json\/wp\/v2\/pages\/6","targetHints":{"allow":["GET"]}}],"collection":[{"href":"https:\/\/sistemafamato.org.br\/cenarium-rural\/wp-json\/wp\/v2\/pages"}],"about":[{"href":"https:\/\/sistemafamato.org.br\/cenarium-rural\/wp-json\/wp\/v2\/types\/page"}],"author":[{"embeddable":true,"href":"https:\/\/sistemafamato.org.br\/cenarium-rural\/wp-json\/wp\/v2\/users\/1"}],"replies":[{"embeddable":true,"href":"https:\/\/sistemafamato.org.br\/cenarium-rural\/wp-json\/wp\/v2\/comments?post=6"}],"version-history":[{"count":14,"href":"https:\/\/sistemafamato.org.br\/cenarium-rural\/wp-json\/wp\/v2\/pages\/6\/revisions"}],"predecessor-version":[{"id":226,"href":"https:\/\/sistemafamato.org.br\/cenarium-rural\/wp-json\/wp\/v2\/pages\/6\/revisions\/226"}],"wp:featuredmedia":[{"embeddable":true,"href":"https:\/\/sistemafamato.org.br\/cenarium-rural\/wp-json\/wp\/v2\/media\/5"}],"wp:attachment":[{"href":"https:\/\/sistemafamato.org.br\/cenarium-rural\/wp-json\/wp\/v2\/media?parent=6"}],"curies":[{"name":"wp","href":"https:\/\/api.w.org\/{rel}","templated":true}]}}