{"id":47,"date":"2021-11-13T01:26:06","date_gmt":"2021-11-13T04:26:06","guid":{"rendered":"https:\/\/sistemafamato.org.br\/cenarium-rural\/?page_id=47"},"modified":"2021-11-24T11:27:46","modified_gmt":"2021-11-24T14:27:46","slug":"home","status":"publish","type":"page","link":"https:\/\/sistemafamato.org.br\/cenarium-rural\/","title":{"rendered":"Home"},"content":{"rendered":"\n<h1 class=\"sf-titulo wp-block-heading\">O CENARIUM RURAL<\/h1>\n\n\n\n<div class=\"wp-block-media-text alignwide is-stacked-on-mobile\"><figure class=\"wp-block-media-text__media\"><img loading=\"lazy\" decoding=\"async\" width=\"550\" height=\"550\" src=\"https:\/\/sistemafamato.org.br\/cenarium-rural\/wp-content\/uploads\/sites\/4\/2021\/11\/20171014_175759-1024x1024-1.jpg\" alt=\"\" class=\"wp-image-67 size-full\" srcset=\"https:\/\/sistemafamato.org.br\/cenarium-rural\/wp-content\/uploads\/sites\/4\/2021\/11\/20171014_175759-1024x1024-1.jpg 550w, https:\/\/sistemafamato.org.br\/cenarium-rural\/wp-content\/uploads\/sites\/4\/2021\/11\/20171014_175759-1024x1024-1-300x300.jpg 300w, https:\/\/sistemafamato.org.br\/cenarium-rural\/wp-content\/uploads\/sites\/4\/2021\/11\/20171014_175759-1024x1024-1-150x150.jpg 150w\" sizes=\"auto, (max-width: 550px) 100vw, 550px\" \/><\/figure><div class=\"wp-block-media-text__content\">\n<h2 class=\"sf-subtitulo wp-block-heading\">Cenarium Rural<\/h2>\n\n\n\n<p>Cuiab\u00e1 possui uma moderna alternativa de espa\u00e7o para a realiza\u00e7\u00e3o de eventos sociais ou t\u00e9cnicos na cidade: o Cenarium Rural.<\/p>\n\n\n\n<p>Espa\u00e7o moderno com uma privilegiada vis\u00e3o panor\u00e2mica da cidade, o Cenarium Rural \u00e9 bem localizado, tem estacionamento com seguran\u00e7a para mais de 400 ve\u00edculos, sal\u00e3o principal com 2.032 metros quadrados e capacidade para at\u00e9 duas mil pessoas.<\/p>\n\n\n\n<p>Para pequenos ou grandes eventos, utilize o espa\u00e7o Cenarium Rural.<\/p>\n\n\n\n<div class=\"wp-block-buttons alignwide is-content-justification-right is-layout-flex wp-block-buttons-is-layout-flex\">\n<div class=\"wp-block-button\"><a class=\"wp-block-button__link has-background no-border-radius\" href=\"http:\/\/quem-somos\" style=\"background-color:#042609\" target=\"_blank\" rel=\"noreferrer noopener\">Saiba Mais<\/a><\/div>\n<\/div>\n<\/div><\/div>\n\n\n\n<h1 class=\"sf-titulo wp-block-heading\">GALERIA<\/h1>\n\n\n\n<figure class=\"wp-block-gallery aligncenter columns-4 is-cropped wp-block-gallery-1\"><ul class=\"blocks-gallery-grid\"><li class=\"blocks-gallery-item\"><figure><img loading=\"lazy\" decoding=\"async\" width=\"550\" height=\"413\" src=\"https:\/\/sistemafamato.org.br\/cenarium-rural\/wp-content\/uploads\/sites\/4\/2021\/11\/galeria_home_07.jpeg\" alt=\"\" data-id=\"83\" data-full-url=\"https:\/\/sistemafamato.org.br\/cenarium-rural\/wp-content\/uploads\/sites\/4\/2021\/11\/galeria_home_07.jpeg\" data-link=\"https:\/\/sistemafamato.org.br\/cenarium-rural\/galeria_home_07\/\" class=\"wp-image-83\" srcset=\"https:\/\/sistemafamato.org.br\/cenarium-rural\/wp-content\/uploads\/sites\/4\/2021\/11\/galeria_home_07.jpeg 550w, https:\/\/sistemafamato.org.br\/cenarium-rural\/wp-content\/uploads\/sites\/4\/2021\/11\/galeria_home_07-300x225.jpeg 300w\" sizes=\"auto, (max-width: 550px) 100vw, 550px\" \/><\/figure><\/li><li class=\"blocks-gallery-item\"><figure><img loading=\"lazy\" decoding=\"async\" width=\"550\" height=\"413\" src=\"https:\/\/sistemafamato.org.br\/cenarium-rural\/wp-content\/uploads\/sites\/4\/2021\/11\/galeria_home_05.jpeg\" alt=\"\" data-id=\"81\" data-full-url=\"https:\/\/sistemafamato.org.br\/cenarium-rural\/wp-content\/uploads\/sites\/4\/2021\/11\/galeria_home_05.jpeg\" data-link=\"https:\/\/sistemafamato.org.br\/cenarium-rural\/galeria_home_05\/\" class=\"wp-image-81\" srcset=\"https:\/\/sistemafamato.org.br\/cenarium-rural\/wp-content\/uploads\/sites\/4\/2021\/11\/galeria_home_05.jpeg 550w, https:\/\/sistemafamato.org.br\/cenarium-rural\/wp-content\/uploads\/sites\/4\/2021\/11\/galeria_home_05-300x225.jpeg 300w\" sizes=\"auto, (max-width: 550px) 100vw, 550px\" \/><\/figure><\/li><li class=\"blocks-gallery-item\"><figure><img loading=\"lazy\" decoding=\"async\" width=\"550\" height=\"413\" src=\"https:\/\/sistemafamato.org.br\/cenarium-rural\/wp-content\/uploads\/sites\/4\/2021\/11\/galeria_home_06.jpeg\" alt=\"\" data-id=\"82\" data-full-url=\"https:\/\/sistemafamato.org.br\/cenarium-rural\/wp-content\/uploads\/sites\/4\/2021\/11\/galeria_home_06.jpeg\" data-link=\"https:\/\/sistemafamato.org.br\/cenarium-rural\/galeria_home_06\/\" class=\"wp-image-82\" srcset=\"https:\/\/sistemafamato.org.br\/cenarium-rural\/wp-content\/uploads\/sites\/4\/2021\/11\/galeria_home_06.jpeg 550w, https:\/\/sistemafamato.org.br\/cenarium-rural\/wp-content\/uploads\/sites\/4\/2021\/11\/galeria_home_06-300x225.jpeg 300w\" sizes=\"auto, (max-width: 550px) 100vw, 550px\" \/><\/figure><\/li><li class=\"blocks-gallery-item\"><figure><img loading=\"lazy\" decoding=\"async\" width=\"550\" height=\"413\" src=\"https:\/\/sistemafamato.org.br\/cenarium-rural\/wp-content\/uploads\/sites\/4\/2021\/11\/galeria_home_04.jpeg\" alt=\"\" data-id=\"80\" data-full-url=\"https:\/\/sistemafamato.org.br\/cenarium-rural\/wp-content\/uploads\/sites\/4\/2021\/11\/galeria_home_04.jpeg\" data-link=\"https:\/\/sistemafamato.org.br\/cenarium-rural\/galeria_home_04\/\" class=\"wp-image-80\" srcset=\"https:\/\/sistemafamato.org.br\/cenarium-rural\/wp-content\/uploads\/sites\/4\/2021\/11\/galeria_home_04.jpeg 550w, https:\/\/sistemafamato.org.br\/cenarium-rural\/wp-content\/uploads\/sites\/4\/2021\/11\/galeria_home_04-300x225.jpeg 300w\" sizes=\"auto, (max-width: 550px) 100vw, 550px\" \/><\/figure><\/li><li class=\"blocks-gallery-item\"><figure><img loading=\"lazy\" decoding=\"async\" width=\"550\" height=\"413\" src=\"https:\/\/sistemafamato.org.br\/cenarium-rural\/wp-content\/uploads\/sites\/4\/2021\/11\/galeria_home_02.jpeg\" alt=\"\" data-id=\"78\" data-full-url=\"https:\/\/sistemafamato.org.br\/cenarium-rural\/wp-content\/uploads\/sites\/4\/2021\/11\/galeria_home_02.jpeg\" data-link=\"https:\/\/sistemafamato.org.br\/cenarium-rural\/galeria_home_02\/\" class=\"wp-image-78\" srcset=\"https:\/\/sistemafamato.org.br\/cenarium-rural\/wp-content\/uploads\/sites\/4\/2021\/11\/galeria_home_02.jpeg 550w, https:\/\/sistemafamato.org.br\/cenarium-rural\/wp-content\/uploads\/sites\/4\/2021\/11\/galeria_home_02-300x225.jpeg 300w\" sizes=\"auto, (max-width: 550px) 100vw, 550px\" \/><\/figure><\/li><li class=\"blocks-gallery-item\"><figure><img loading=\"lazy\" decoding=\"async\" width=\"550\" height=\"413\" src=\"https:\/\/sistemafamato.org.br\/cenarium-rural\/wp-content\/uploads\/sites\/4\/2021\/11\/galeria_home_03.jpeg\" alt=\"\" data-id=\"79\" data-full-url=\"https:\/\/sistemafamato.org.br\/cenarium-rural\/wp-content\/uploads\/sites\/4\/2021\/11\/galeria_home_03.jpeg\" data-link=\"https:\/\/sistemafamato.org.br\/cenarium-rural\/galeria_home_03\/\" class=\"wp-image-79\" srcset=\"https:\/\/sistemafamato.org.br\/cenarium-rural\/wp-content\/uploads\/sites\/4\/2021\/11\/galeria_home_03.jpeg 550w, https:\/\/sistemafamato.org.br\/cenarium-rural\/wp-content\/uploads\/sites\/4\/2021\/11\/galeria_home_03-300x225.jpeg 300w\" sizes=\"auto, (max-width: 550px) 100vw, 550px\" \/><\/figure><\/li><li class=\"blocks-gallery-item\"><figure><img loading=\"lazy\" decoding=\"async\" width=\"550\" height=\"413\" src=\"https:\/\/sistemafamato.org.br\/cenarium-rural\/wp-content\/uploads\/sites\/4\/2021\/11\/galeria_home_01.jpeg\" alt=\"\" data-id=\"77\" data-full-url=\"https:\/\/sistemafamato.org.br\/cenarium-rural\/wp-content\/uploads\/sites\/4\/2021\/11\/galeria_home_01.jpeg\" data-link=\"https:\/\/sistemafamato.org.br\/cenarium-rural\/galeria_home_01\/\" class=\"wp-image-77 is-layout-flex wp-block-gallery-is-layout-flex\" srcset=\"https:\/\/sistemafamato.org.br\/cenarium-rural\/wp-content\/uploads\/sites\/4\/2021\/11\/galeria_home_01.jpeg 550w, https:\/\/sistemafamato.org.br\/cenarium-rural\/wp-content\/uploads\/sites\/4\/2021\/11\/galeria_home_01-300x225.jpeg 300w\" sizes=\"auto, (max-width: 550px) 100vw, 550px\" \/><\/figure><\/li><\/ul><\/figure>\n","protected":false},"excerpt":{"rendered":"<p>O CENARIUM RURAL GALERIA<\/p>\n","protected":false},"author":1,"featured_media":0,"parent":0,"menu_order":0,"comment_status":"closed","ping_status":"closed","template":"","meta":{"advgb_blocks_editor_width":"","advgb_blocks_columns_visual_guide":"","footnotes":""},"class_list":["post-47","page","type-page","status-publish","hentry"],"acf":[],"coauthors":[],"author_meta":{"author_link":"https:\/\/sistemafamato.org.br\/cenarium-rural\/author\/siteadmin\/","display_name":"siteadmin"},"relative_dates":{"created":"Publicado 4 anos atr\u00e1s","modified":"Atualizado 4 anos atr\u00e1s"},"absolute_dates":{"created":"Publicado em 13 de novembro de 2021","modified":"Atualizado em 24 de novembro de 2021"},"absolute_dates_time":{"created":"Publicado em 13 de novembro de 2021 01:26","modified":"Atualizado em 24 de novembro de 2021 11:27"},"featured_img_caption":"","featured_img":false,"series_order":"","_links":{"self":[{"href":"https:\/\/sistemafamato.org.br\/cenarium-rural\/wp-json\/wp\/v2\/pages\/47","targetHints":{"allow":["GET"]}}],"collection":[{"href":"https:\/\/sistemafamato.org.br\/cenarium-rural\/wp-json\/wp\/v2\/pages"}],"about":[{"href":"https:\/\/sistemafamato.org.br\/cenarium-rural\/wp-json\/wp\/v2\/types\/page"}],"author":[{"embeddable":true,"href":"https:\/\/sistemafamato.org.br\/cenarium-rural\/wp-json\/wp\/v2\/users\/1"}],"replies":[{"embeddable":true,"href":"https:\/\/sistemafamato.org.br\/cenarium-rural\/wp-json\/wp\/v2\/comments?post=47"}],"version-history":[{"count":13,"href":"https:\/\/sistemafamato.org.br\/cenarium-rural\/wp-json\/wp\/v2\/pages\/47\/revisions"}],"predecessor-version":[{"id":200,"href":"https:\/\/sistemafamato.org.br\/cenarium-rural\/wp-json\/wp\/v2\/pages\/47\/revisions\/200"}],"wp:attachment":[{"href":"https:\/\/sistemafamato.org.br\/cenarium-rural\/wp-json\/wp\/v2\/media?parent=47"}],"curies":[{"name":"wp","href":"https:\/\/api.w.org\/{rel}","templated":true}]}}