{"id":105,"date":"2021-11-14T18:37:46","date_gmt":"2021-11-14T21:37:46","guid":{"rendered":"https:\/\/sistemafamato.org.br\/cenarium-rural\/?page_id=105"},"modified":"2021-11-14T18:43:19","modified_gmt":"2021-11-14T21:43:19","slug":"infraestrutura","status":"publish","type":"page","link":"https:\/\/sistemafamato.org.br\/cenarium-rural\/infraestrutura\/","title":{"rendered":"Infraestrutura"},"content":{"rendered":"\n<h1 class=\"sf-titulo wp-block-heading\">CONHE\u00c7A NOSSA INFRAESTRUTURA<\/h1>\n\n\n\n<p>Com um sal\u00e3o totalmente livre e divis\u00f3rias modulares, a planta do espa\u00e7o permite a cria\u00e7\u00e3o dos mais diversos ambientes e layouts para diferentes portes de eventos.<\/p>\n\n\n\n<p>\u2022 P\u00e9-direito de 4,10 metros<br>\u2022 Hall de entrada<br>\u2022 Choperia<br>\u2022 Palco<br>\u2022 Camarim<br>\u2022 Estacionamento para 411 ve\u00edculos.<br>\u2022 Acessibilidade e toilette independente para deficiente f\u00edsico<br>\u2022 Sistema de Ar Condicionado Central<br>\u2022 Cozinha Industrial ampla<br>\u2022 \u00c1rea para fumantes<br>\u2022 Toilettes Masculino e Feminino<\/p>\n\n\n\n<div style=\"height:20px\" aria-hidden=\"true\" class=\"wp-block-spacer\"><\/div>\n\n\n\n<h2 class=\"sf-titulo wp-block-heading\">GALERIA<\/h2>\n\n\n\n<figure class=\"wp-block-gallery columns-3 is-cropped wp-block-gallery-1\"><ul class=\"blocks-gallery-grid\"><li class=\"blocks-gallery-item\"><figure><img loading=\"lazy\" decoding=\"async\" width=\"1024\" height=\"768\" src=\"https:\/\/sistemafamato.org.br\/cenarium-rural\/wp-content\/uploads\/sites\/4\/2021\/11\/img-galeria-infra-01-1024x768.jpeg\" alt=\"\" data-id=\"24\" data-full-url=\"https:\/\/sistemafamato.org.br\/cenarium-rural\/wp-content\/uploads\/sites\/4\/2021\/11\/img-galeria-infra-01.jpeg\" data-link=\"https:\/\/sistemafamato.org.br\/cenarium-rural\/img-galeria-infra-01\/\" class=\"wp-image-24\" srcset=\"https:\/\/sistemafamato.org.br\/cenarium-rural\/wp-content\/uploads\/sites\/4\/2021\/11\/img-galeria-infra-01-1024x768.jpeg 1024w, https:\/\/sistemafamato.org.br\/cenarium-rural\/wp-content\/uploads\/sites\/4\/2021\/11\/img-galeria-infra-01-300x225.jpeg 300w, https:\/\/sistemafamato.org.br\/cenarium-rural\/wp-content\/uploads\/sites\/4\/2021\/11\/img-galeria-infra-01-768x576.jpeg 768w, https:\/\/sistemafamato.org.br\/cenarium-rural\/wp-content\/uploads\/sites\/4\/2021\/11\/img-galeria-infra-01.jpeg 1080w\" sizes=\"auto, (max-width: 1024px) 100vw, 1024px\" \/><\/figure><\/li><li class=\"blocks-gallery-item\"><figure><img loading=\"lazy\" decoding=\"async\" width=\"1024\" height=\"576\" src=\"https:\/\/sistemafamato.org.br\/cenarium-rural\/wp-content\/uploads\/sites\/4\/2021\/11\/img-galeria-infra-02-1024x576.jpeg\" alt=\"\" data-id=\"25\" data-full-url=\"https:\/\/sistemafamato.org.br\/cenarium-rural\/wp-content\/uploads\/sites\/4\/2021\/11\/img-galeria-infra-02.jpeg\" data-link=\"https:\/\/sistemafamato.org.br\/cenarium-rural\/img-galeria-infra-02\/\" class=\"wp-image-25\" srcset=\"https:\/\/sistemafamato.org.br\/cenarium-rural\/wp-content\/uploads\/sites\/4\/2021\/11\/img-galeria-infra-02-1024x576.jpeg 1024w, https:\/\/sistemafamato.org.br\/cenarium-rural\/wp-content\/uploads\/sites\/4\/2021\/11\/img-galeria-infra-02-300x169.jpeg 300w, https:\/\/sistemafamato.org.br\/cenarium-rural\/wp-content\/uploads\/sites\/4\/2021\/11\/img-galeria-infra-02-768x432.jpeg 768w, https:\/\/sistemafamato.org.br\/cenarium-rural\/wp-content\/uploads\/sites\/4\/2021\/11\/img-galeria-infra-02.jpeg 1080w\" sizes=\"auto, (max-width: 1024px) 100vw, 1024px\" \/><\/figure><\/li><li class=\"blocks-gallery-item\"><figure><img loading=\"lazy\" decoding=\"async\" width=\"1024\" height=\"576\" src=\"https:\/\/sistemafamato.org.br\/cenarium-rural\/wp-content\/uploads\/sites\/4\/2021\/11\/img-galeria-infra-03-1024x576.jpeg\" alt=\"\" data-id=\"26\" data-full-url=\"https:\/\/sistemafamato.org.br\/cenarium-rural\/wp-content\/uploads\/sites\/4\/2021\/11\/img-galeria-infra-03.jpeg\" data-link=\"https:\/\/sistemafamato.org.br\/cenarium-rural\/img-galeria-infra-03\/\" class=\"wp-image-26\" srcset=\"https:\/\/sistemafamato.org.br\/cenarium-rural\/wp-content\/uploads\/sites\/4\/2021\/11\/img-galeria-infra-03-1024x576.jpeg 1024w, https:\/\/sistemafamato.org.br\/cenarium-rural\/wp-content\/uploads\/sites\/4\/2021\/11\/img-galeria-infra-03-300x169.jpeg 300w, https:\/\/sistemafamato.org.br\/cenarium-rural\/wp-content\/uploads\/sites\/4\/2021\/11\/img-galeria-infra-03-768x432.jpeg 768w, https:\/\/sistemafamato.org.br\/cenarium-rural\/wp-content\/uploads\/sites\/4\/2021\/11\/img-galeria-infra-03.jpeg 1080w\" sizes=\"auto, (max-width: 1024px) 100vw, 1024px\" \/><\/figure><\/li><li class=\"blocks-gallery-item\"><figure><img loading=\"lazy\" decoding=\"async\" width=\"1024\" height=\"576\" src=\"https:\/\/sistemafamato.org.br\/cenarium-rural\/wp-content\/uploads\/sites\/4\/2021\/11\/img-galeria-infra-04-1024x576.jpeg\" alt=\"\" data-id=\"27\" data-full-url=\"https:\/\/sistemafamato.org.br\/cenarium-rural\/wp-content\/uploads\/sites\/4\/2021\/11\/img-galeria-infra-04.jpeg\" data-link=\"https:\/\/sistemafamato.org.br\/cenarium-rural\/img-galeria-infra-04\/\" class=\"wp-image-27\" srcset=\"https:\/\/sistemafamato.org.br\/cenarium-rural\/wp-content\/uploads\/sites\/4\/2021\/11\/img-galeria-infra-04-1024x576.jpeg 1024w, https:\/\/sistemafamato.org.br\/cenarium-rural\/wp-content\/uploads\/sites\/4\/2021\/11\/img-galeria-infra-04-300x169.jpeg 300w, https:\/\/sistemafamato.org.br\/cenarium-rural\/wp-content\/uploads\/sites\/4\/2021\/11\/img-galeria-infra-04-768x432.jpeg 768w, https:\/\/sistemafamato.org.br\/cenarium-rural\/wp-content\/uploads\/sites\/4\/2021\/11\/img-galeria-infra-04.jpeg 1080w\" sizes=\"auto, (max-width: 1024px) 100vw, 1024px\" \/><\/figure><\/li><li class=\"blocks-gallery-item\"><figure><img loading=\"lazy\" decoding=\"async\" width=\"1024\" height=\"576\" src=\"https:\/\/sistemafamato.org.br\/cenarium-rural\/wp-content\/uploads\/sites\/4\/2021\/11\/img-galeria-infra-05-1024x576.jpeg\" alt=\"\" data-id=\"28\" data-full-url=\"https:\/\/sistemafamato.org.br\/cenarium-rural\/wp-content\/uploads\/sites\/4\/2021\/11\/img-galeria-infra-05.jpeg\" data-link=\"https:\/\/sistemafamato.org.br\/cenarium-rural\/img-galeria-infra-05\/\" class=\"wp-image-28\" srcset=\"https:\/\/sistemafamato.org.br\/cenarium-rural\/wp-content\/uploads\/sites\/4\/2021\/11\/img-galeria-infra-05-1024x576.jpeg 1024w, https:\/\/sistemafamato.org.br\/cenarium-rural\/wp-content\/uploads\/sites\/4\/2021\/11\/img-galeria-infra-05-300x169.jpeg 300w, https:\/\/sistemafamato.org.br\/cenarium-rural\/wp-content\/uploads\/sites\/4\/2021\/11\/img-galeria-infra-05-768x432.jpeg 768w, https:\/\/sistemafamato.org.br\/cenarium-rural\/wp-content\/uploads\/sites\/4\/2021\/11\/img-galeria-infra-05.jpeg 1080w\" sizes=\"auto, (max-width: 1024px) 100vw, 1024px\" \/><\/figure><\/li><li class=\"blocks-gallery-item\"><figure><img loading=\"lazy\" decoding=\"async\" width=\"1024\" height=\"684\" src=\"https:\/\/sistemafamato.org.br\/cenarium-rural\/wp-content\/uploads\/sites\/4\/2021\/11\/img-galeria-infra-06-1024x684.jpeg\" alt=\"\" data-id=\"29\" data-full-url=\"https:\/\/sistemafamato.org.br\/cenarium-rural\/wp-content\/uploads\/sites\/4\/2021\/11\/img-galeria-infra-06.jpeg\" data-link=\"https:\/\/sistemafamato.org.br\/cenarium-rural\/img-galeria-infra-06\/\" class=\"wp-image-29\" srcset=\"https:\/\/sistemafamato.org.br\/cenarium-rural\/wp-content\/uploads\/sites\/4\/2021\/11\/img-galeria-infra-06-1024x684.jpeg 1024w, https:\/\/sistemafamato.org.br\/cenarium-rural\/wp-content\/uploads\/sites\/4\/2021\/11\/img-galeria-infra-06-300x200.jpeg 300w, https:\/\/sistemafamato.org.br\/cenarium-rural\/wp-content\/uploads\/sites\/4\/2021\/11\/img-galeria-infra-06-768x513.jpeg 768w, https:\/\/sistemafamato.org.br\/cenarium-rural\/wp-content\/uploads\/sites\/4\/2021\/11\/img-galeria-infra-06.jpeg 1080w\" sizes=\"auto, (max-width: 1024px) 100vw, 1024px\" \/><\/figure><\/li><li class=\"blocks-gallery-item\"><figure><img loading=\"lazy\" decoding=\"async\" width=\"1024\" height=\"576\" src=\"https:\/\/sistemafamato.org.br\/cenarium-rural\/wp-content\/uploads\/sites\/4\/2021\/11\/img-galeria-infra-07-1024x576.jpeg\" alt=\"\" data-id=\"30\" data-full-url=\"https:\/\/sistemafamato.org.br\/cenarium-rural\/wp-content\/uploads\/sites\/4\/2021\/11\/img-galeria-infra-07.jpeg\" data-link=\"https:\/\/sistemafamato.org.br\/cenarium-rural\/img-galeria-infra-07\/\" class=\"wp-image-30\" srcset=\"https:\/\/sistemafamato.org.br\/cenarium-rural\/wp-content\/uploads\/sites\/4\/2021\/11\/img-galeria-infra-07-1024x576.jpeg 1024w, https:\/\/sistemafamato.org.br\/cenarium-rural\/wp-content\/uploads\/sites\/4\/2021\/11\/img-galeria-infra-07-300x169.jpeg 300w, https:\/\/sistemafamato.org.br\/cenarium-rural\/wp-content\/uploads\/sites\/4\/2021\/11\/img-galeria-infra-07-768x432.jpeg 768w, https:\/\/sistemafamato.org.br\/cenarium-rural\/wp-content\/uploads\/sites\/4\/2021\/11\/img-galeria-infra-07.jpeg 1080w\" sizes=\"auto, (max-width: 1024px) 100vw, 1024px\" \/><\/figure><\/li><li class=\"blocks-gallery-item\"><figure><img loading=\"lazy\" decoding=\"async\" width=\"1024\" height=\"768\" src=\"https:\/\/sistemafamato.org.br\/cenarium-rural\/wp-content\/uploads\/sites\/4\/2021\/11\/img-galeria-infra-08-1024x768.jpeg\" alt=\"\" data-id=\"31\" data-full-url=\"https:\/\/sistemafamato.org.br\/cenarium-rural\/wp-content\/uploads\/sites\/4\/2021\/11\/img-galeria-infra-08.jpeg\" data-link=\"https:\/\/sistemafamato.org.br\/cenarium-rural\/img-galeria-infra-08\/\" class=\"wp-image-31\" srcset=\"https:\/\/sistemafamato.org.br\/cenarium-rural\/wp-content\/uploads\/sites\/4\/2021\/11\/img-galeria-infra-08-1024x768.jpeg 1024w, https:\/\/sistemafamato.org.br\/cenarium-rural\/wp-content\/uploads\/sites\/4\/2021\/11\/img-galeria-infra-08-300x225.jpeg 300w, https:\/\/sistemafamato.org.br\/cenarium-rural\/wp-content\/uploads\/sites\/4\/2021\/11\/img-galeria-infra-08-768x576.jpeg 768w, https:\/\/sistemafamato.org.br\/cenarium-rural\/wp-content\/uploads\/sites\/4\/2021\/11\/img-galeria-infra-08.jpeg 1080w\" sizes=\"auto, (max-width: 1024px) 100vw, 1024px\" \/><\/figure><\/li><li class=\"blocks-gallery-item\"><figure><img loading=\"lazy\" decoding=\"async\" width=\"1024\" height=\"576\" src=\"https:\/\/sistemafamato.org.br\/cenarium-rural\/wp-content\/uploads\/sites\/4\/2021\/11\/img-galeria-infra-09-1024x576.jpeg\" alt=\"\" data-id=\"32\" data-full-url=\"https:\/\/sistemafamato.org.br\/cenarium-rural\/wp-content\/uploads\/sites\/4\/2021\/11\/img-galeria-infra-09.jpeg\" data-link=\"https:\/\/sistemafamato.org.br\/cenarium-rural\/img-galeria-infra-09\/\" class=\"wp-image-32 is-layout-flex wp-block-gallery-is-layout-flex\" srcset=\"https:\/\/sistemafamato.org.br\/cenarium-rural\/wp-content\/uploads\/sites\/4\/2021\/11\/img-galeria-infra-09-1024x576.jpeg 1024w, https:\/\/sistemafamato.org.br\/cenarium-rural\/wp-content\/uploads\/sites\/4\/2021\/11\/img-galeria-infra-09-300x169.jpeg 300w, https:\/\/sistemafamato.org.br\/cenarium-rural\/wp-content\/uploads\/sites\/4\/2021\/11\/img-galeria-infra-09-768x432.jpeg 768w, https:\/\/sistemafamato.org.br\/cenarium-rural\/wp-content\/uploads\/sites\/4\/2021\/11\/img-galeria-infra-09.jpeg 1080w\" sizes=\"auto, (max-width: 1024px) 100vw, 1024px\" \/><\/figure><\/li><\/ul><\/figure>\n","protected":false},"excerpt":{"rendered":"<p>CONHE\u00c7A NOSSA INFRAESTRUTURA Com um sal\u00e3o totalmente livre e divis\u00f3rias modulares, a planta do espa\u00e7o permite a cria\u00e7\u00e3o dos mais diversos ambientes e layouts para diferentes portes de eventos. \u2022 P\u00e9-direito de 4,10 metros\u2022 Hall de entrada\u2022 Choperia\u2022 Palco\u2022 Camarim\u2022 Estacionamento para 411 ve\u00edculos.\u2022 Acessibilidade e toilette independente para deficiente f\u00edsico\u2022 Sistema de Ar Condicionado [&hellip;]<\/p>\n","protected":false},"author":1,"featured_media":23,"parent":0,"menu_order":0,"comment_status":"closed","ping_status":"closed","template":"","meta":{"advgb_blocks_editor_width":"","advgb_blocks_columns_visual_guide":"","footnotes":""},"class_list":["post-105","page","type-page","status-publish","has-post-thumbnail","hentry"],"acf":[],"coauthors":[],"author_meta":{"author_link":"https:\/\/sistemafamato.org.br\/cenarium-rural\/author\/siteadmin\/","display_name":"siteadmin"},"relative_dates":{"created":"Publicado 4 anos atr\u00e1s","modified":"Atualizado 4 anos atr\u00e1s"},"absolute_dates":{"created":"Publicado em 14 de novembro de 2021","modified":"Atualizado em 14 de novembro de 2021"},"absolute_dates_time":{"created":"Publicado em 14 de novembro de 2021 18:37","modified":"Atualizado em 14 de novembro de 2021 18:43"},"featured_img_caption":"","featured_img":"https:\/\/sistemafamato.org.br\/cenarium-rural\/wp-content\/uploads\/sites\/4\/2021\/11\/topo-infraestrutura.jpeg","series_order":"","_links":{"self":[{"href":"https:\/\/sistemafamato.org.br\/cenarium-rural\/wp-json\/wp\/v2\/pages\/105","targetHints":{"allow":["GET"]}}],"collection":[{"href":"https:\/\/sistemafamato.org.br\/cenarium-rural\/wp-json\/wp\/v2\/pages"}],"about":[{"href":"https:\/\/sistemafamato.org.br\/cenarium-rural\/wp-json\/wp\/v2\/types\/page"}],"author":[{"embeddable":true,"href":"https:\/\/sistemafamato.org.br\/cenarium-rural\/wp-json\/wp\/v2\/users\/1"}],"replies":[{"embeddable":true,"href":"https:\/\/sistemafamato.org.br\/cenarium-rural\/wp-json\/wp\/v2\/comments?post=105"}],"version-history":[{"count":8,"href":"https:\/\/sistemafamato.org.br\/cenarium-rural\/wp-json\/wp\/v2\/pages\/105\/revisions"}],"predecessor-version":[{"id":114,"href":"https:\/\/sistemafamato.org.br\/cenarium-rural\/wp-json\/wp\/v2\/pages\/105\/revisions\/114"}],"wp:featuredmedia":[{"embeddable":true,"href":"https:\/\/sistemafamato.org.br\/cenarium-rural\/wp-json\/wp\/v2\/media\/23"}],"wp:attachment":[{"href":"https:\/\/sistemafamato.org.br\/cenarium-rural\/wp-json\/wp\/v2\/media?parent=105"}],"curies":[{"name":"wp","href":"https:\/\/api.w.org\/{rel}","templated":true}]}}